{"id":972,"date":"2025-09-29T20:39:29","date_gmt":"2025-09-29T23:39:29","guid":{"rendered":"https:\/\/ies6023-sal.infd.edu.ar\/sitio\/?page_id=972"},"modified":"2025-11-14T20:08:51","modified_gmt":"2025-11-14T23:08:51","slug":"profesorado-de-danzas-con-orientacion-en-danzas-folkloricas","status":"publish","type":"page","link":"https:\/\/ies6023-sal.infd.edu.ar\/sitio\/profesorado-de-danzas-con-orientacion-en-danzas-folkloricas\/","title":{"rendered":"Profesorado de Danzas con Orientaci\u00f3n en Danzas Folkl\u00f3ricas"},"content":{"rendered":"<p><meta charset=\"UTF-8\"><br \/>\n<meta name=\"viewport\" content=\"width=device-width, initial-scale=1.0\"><br \/>\n<title>Profesorado de Danzaz Folkl\u00f3ricas<\/title><br \/>\n<script src=\"https:\/\/cdn.tailwindcss.com\"><\/script><\/p>\n<style>\n                \/* Estilos personalizados para la tipograf\u00eda y colores *\/<br \/>\n        :root {<br \/>\n            \/* Color cambiado a Esmeralda para \"Especial\" *\/<br \/>\n            --primary-color: #CF2400; \/* Emerald-500 *\/<br \/>\n            --secondary-color: #f59e0b; \/* Amber-500 *\/<br \/>\n            --bg-color: #f9fafb; \/* Gray-50 *\/<br \/>\n            --header-bg: #8e5110; \/* Color del header principal (Mantenido) *\/<br \/>\n            --nav-bg: #cf9e28; \/* Color de la barra de navegaci\u00f3n principal (Mantenido) *\/<br \/>\n        }<br \/>\n        body {<br \/>\n            font-family: 'Inter', sans-serif;<br \/>\n            background-color: var(--bg-color);<br \/>\n            margin: 0;<br \/>\n            padding: 0;<br \/>\n            padding-top: 130px; \/* ESPACIO NECESARIO PARA EL HEADER FIJO *\/<br \/>\n        }<br \/>\n        \/* Ocultar las secciones de anclaje para que solo sirvan de destino *\/<br \/>\n        section {<br \/>\n            display: block;<br \/>\n            height: 0;<br \/>\n            \/* Compensar la altura del men\u00fa de carrera (mi-boton) *\/<br \/>\n            margin-top: -64px;<br \/>\n            padding-top: 64px;<br \/>\n            visibility: hidden;<br \/>\n        }<br \/>\n        \/* Estilo para los encabezados del contenido principal *\/<br \/>\n        h2 {<br \/>\n            border-bottom: 2px solid var(--primary-color);<br \/>\n            padding-bottom: 0.5rem;<br \/>\n        }<\/p>\n<p>        \/* --- Estilos de la Barra de Navegaci\u00f3n Principal (Custom CSS) --- *\/<br \/>\n        .main-header h1 {<br \/>\n            text-align: center;<br \/>\n            background-color: var(--header-bg);<br \/>\n            padding: 10px;<br \/>\n            margin: 0;<br \/>\n            color: white;<br \/>\n            font-size: 1.5rem;<br \/>\n            font-weight: bold;<br \/>\n        }<br \/>\n        .main-header #imagen {<br \/>\n            float: left;<br \/>\n            width: 50px;<br \/>\n            height: 40px;<br \/>\n        }<\/p>\n<p>        \/* Estilo base de la lista de navegaci\u00f3n *\/<br \/>\n        ul.breadcrumb {<br \/>\n            padding: 7.5px 16px;<br \/>\n            margin: 0;<br \/>\n            list-style: none;<br \/>\n            background-color: var(--nav-bg);<br \/>\n            width: 100%;<br \/>\n            display: flex;<br \/>\n            flex-wrap: wrap;<br \/>\n        }<\/p>\n<p>        ul.breadcrumb li {<br \/>\n            display: inline-block;<br \/>\n            position: relative;<br \/>\n        }<\/p>\n<p>        \/* Enlaces *\/<br \/>\n        ul.breadcrumb a {<br \/>\n            text-decoration: none;<br \/>\n            color: black;<br \/>\n            padding: 8px;<br \/>\n            display: block;<br \/>\n        }<\/p>\n<p>        ul.breadcrumb a:hover {<br \/>\n            background-color: #ddd;<br \/>\n            border-radius: 4px;<br \/>\n        }<\/p>\n<p>        \/* Dropdown principal *\/<br \/>\n        .dropdown-content {<br \/>\n            display: none;<br \/>\n            position: absolute;<br \/>\n            background-color: var(--nav-bg);<br \/>\n            min-width: 220px;<br \/>\n            box-shadow: 0px 8px 16px rgba(0,0,0,0.2);<br \/>\n            z-index: 20;<br \/>\n            top: 100%;<br \/>\n            left: 0;<br \/>\n            list-style: none;<br \/>\n            padding: 0;<br \/>\n        }<br \/>\n        .dropdown-content a {<br \/>\n            padding: 10px 16px;<br \/>\n            white-space: nowrap;<br \/>\n        }<\/p>\n<p>        .dropdown:hover .dropdown-content {<br \/>\n            display: block;<br \/>\n        }<\/p>\n<p>        \/* Submen\u00fa *\/<br \/>\n        .sub-dropdown {<br \/>\n            position: relative;<br \/>\n        }<\/p>\n<p>        .sub-menu {<br \/>\n            display: none;<br \/>\n            position: absolute;<br \/>\n            top: 0;<br \/>\n            left: 100%;<br \/>\n            background-color: var(--nav-bg);<br \/>\n            min-width: 220px;<br \/>\n            box-shadow: 0px 8px 16px rgba(0,0,0,0.2);<br \/>\n            z-index: 21;<br \/>\n            list-style: none;<br \/>\n            padding: 0;<br \/>\n        }<\/p>\n<p>        .sub-dropdown:hover .sub-menu {<br \/>\n            display: block;<br \/>\n        }<\/p>\n<p>        .dropdown-content li, .sub-menu li {<br \/>\n            display: block;<br \/>\n        }<br \/>\n        \/* --- Fin de Estilos de la Barra de Navegaci\u00f3n Principal --- *\/<br \/>\n    <\/style>\n<h1 class=\"text-3xl sm:text-4xl font-extrabold text-gray-900 mt-4 mb-6 text-center\">\n        Profesorado de Danzaz Folkl\u00f3ricas<\/h1>\n<div class=\"lg:flex lg:space-x-8 mt-8\">\n<div class=\"info_derecha lg:w-1\/3 w-full mb-8 lg:mb-0 bg-white p-6 rounded-xl shadow-2xl border border-gray-100\">\n<table class=\"info_der w-full text-sm text-gray-600\">\n<caption>\n<div class=\"flex justify-center mb-4\">\n                         <img decoding=\"async\" src=\"IMG\/logo_loutaif.jpg\" alt=\"Logo de la Instituci\u00f3n\" class=\"w-24 h-auto rounded-lg\" onerror=\"this.src='https:\/\/placehold.co\/150x80\/CF2400\/ffffff?text=LOGO+LOUTAIF'\"><\/div>\n<\/caption>\n<caption class=\"text-xl font-bold text-gray-800 mb-4\">\n<h2>Informaci\u00f3n General<\/h2>\n<\/caption>\n<tbody class=\"divide-y divide-gray-200\">\n<tr class=\"hover:bg-gray-50\">\n<td class=\"py-3 px-1 font-bold\">T\u00edtulo a Otorgar:<\/td>\n<td class=\"py-3 px-1\">Profesor\/a de Danza con Orientaci\u00f3n<br \/>\nen Danzas Folkl\u00f3ricas.<\/td>\n<\/tr>\n<tr class=\"hover:bg-gray-50\">\n<td class=\"py-3 px-1 font-bold\">Duraci\u00f3n:<\/td>\n<td class=\"py-3 px-1\">4 a\u00f1os<\/td>\n<\/tr>\n<tr class=\"hover:bg-gray-50\">\n<td class=\"py-3 px-1 font-bold\">Carga Horaria:<\/td>\n<td class=\"py-3 px-1\">Hs. c\u00e1tedra 3704- Hs. reloj 2808<\/td>\n<\/tr>\n<tr class=\"hover:bg-gray-50\">\n<td class=\"py-3 px-1 font-bold\">Modalidad:<\/td>\n<td class=\"py-3 px-1\">Presencial<\/td>\n<\/tr>\n<tr class=\"hover:bg-gray-50\">\n<td class=\"py-3 px-1 font-bold\">Cursado:<\/td>\n<td class=\"py-3 px-1\">Turno tarde (de lunes a viernes- de 19:10 a 23:10 Hs.)<\/td>\n<\/tr>\n<tr class=\"hover:bg-gray-50\">\n<td class=\"py-3 px-1 font-bold\">Resoluci\u00f3n:<\/td>\n<td class=\"py-3 px-1\">\n                            <a class=\"text-[#CF2400] hover:text-[#CF2400] font-medium\" href=\"\" target=\"_blank\" rel=\"noopener\"><br \/>\nResoluci\u00f3n<br \/>\n<\/a><\/td>\n<\/tr>\n<\/tbody>\n<\/table>\n<\/div>\n<div class=\"info lg:w-2\/3 w-full space-y-8\">\n<fieldset class=\"border border-gray-300 p-6 rounded-xl shadow-md bg-white\">\n<legend class=\"px-2 text-lg font-bold text-[#CF2400]\">Alcance de la Carrera<\/legend>\n<p class=\"text-gray-700 leading-relaxed\">\n                    Docente para la Ense\u00f1anza de las Danzas Folkl\u00f3ricas en los Niveles Inicial, Educaci\u00f3n Primaria<br \/>\ny Educaci\u00f3n Secundaria, Nivel B\u00e1sico del R\u00e9gimen Especial y de la Educaci\u00f3n Especial.<br \/>\nEn cuanto al R\u00e9gimen Com\u00fan, el futuro profesional estar\u00e1 habilitado para cubrir los espacios<br \/>\ncurriculares destinados a la ense\u00f1anza de las Danzas Folkl\u00f3ricas.<br \/>\nEn cuanto el R\u00e9gimen Especial, el futuro docente, estar\u00e1 capacitado para insertarse en los TAP<br \/>\ndel Ciclo B\u00e1sico de Art\u00edstica, en nuestra Provincia, en el Centro Polivalente de Arte (\u00fanico<br \/>\nestablecimiento con orientaci\u00f3n en las Danzas Folkl\u00f3ricas), de acuerdo a lo requerido en el espacio<br \/>\ncurricular determinado.<br \/>\nEn los \u00e1mbitos de la gesti\u00f3n cultural el Profesor de Danzas con orientaci\u00f3n en Danzas<br \/>\nFolkl\u00f3ricas tendr\u00e1 una formaci\u00f3n adecuada para el desempe\u00f1o en cargos de gesti\u00f3n cultural, para<br \/>\nla planificaci\u00f3n, organizaci\u00f3n y evaluaci\u00f3n de eventos relacionados con la cultura tradicional.<\/p>\n<\/fieldset>\n<fieldset class=\"border border-gray-300 p-6 rounded-xl shadow-md bg-white\">\n<legend class=\"px-2 text-lg font-bold text-[#CF2400]\">Perfil del Egresado<\/legend>\n<p class=\"text-gray-700 leading-relaxed\">\n                En cumplimiento de las nuevas demandas de formaci\u00f3n, de acuerdo a la reorganizaci\u00f3n<br \/>\ncurricular actual en todos los niveles, a la demanda creciente de profesores de Danzas Folkl\u00f3ricas<br \/>\nen nuestro medio se plantean las siguientes finalidades y prop\u00f3sitos de la Formaci\u00f3n Docente:<\/p>\n<ul class=\"list-disc list-inside space-y-2 text-gray-700 mt-4\">\n<li>Promover profesionales competentes en Danzas Folkl\u00f3ricas, de tal modo que les permita<br \/>\ninsertarse en los distintos \u00e1mbitos p\u00fablicos y privados, no solo en calidad de docentes, sino adem\u00e1s<br \/>\nen actividades afines o trabajando interdisciplinariamente con profesionales de otras \u00e1reas.<\/li>\n<li>Planificar, conducir y evaluar la ense\u00f1anza de la Danza Folkl\u00f3rica con criterios adecuados al<br \/>\ncontexto y a la Instituci\u00f3n en la que desarrollen su tarea.<\/li>\n<li>Analizar la inserci\u00f3n de la Danza Folkl\u00f3rica en el contexto contempor\u00e1neo, identificando sus<br \/>\nvinculaciones e intercambios con otras disciplinas art\u00edsticas.<\/li>\n<li>Planificar e implementar situaciones did\u00e1cticas variadas comprendiendo los contenidos de la<br \/>\nense\u00f1anza de la Danza Folkl\u00f3rica, su ubicaci\u00f3n en la disciplina y el curr\u00edculum, su relaci\u00f3n con otras<br \/>\n\u00e1reas del conocimiento escolar.<\/li>\n<li>Formar docentes con conocimientos cient\u00edficos \u2013 t\u00e9cnicos para la ense\u00f1anza de las Danzas<br \/>\nFolkl\u00f3ricas en los Niveles Inicial, Primario y Secundario.<\/li>\n<li>Desarrollar en los docentes actitudes adecuadas a la conservaci\u00f3n del patrimonio cultural<br \/>\ntradicional y la indagaci\u00f3n, valoraci\u00f3n y aplicaci\u00f3n de la expresi\u00f3n art\u00edstica particularmente por<br \/>\nmedio de la Danza Folkl\u00f3rica en el contexto hist\u00f3rico en que vivimos.<\/li>\n<li>Promover en los futuros profesionales la valoraci\u00f3n de las diferentes manifestaciones<br \/>\nculturales regionales, de los saberes tradicionales y etnogr\u00e1ficos.<\/li>\n<\/ul>\n<\/fieldset>\n<\/div>\n<\/div>\n<h2 class=\"plan_estudio text-3xl font-bold text-gray-900 mt-12 mb-6 text-center\">\n        Plan de Estudio<\/h2>\n<section id=\"Primer a\u00f1o\"><\/section>\n<div class=\"overflow-x-auto shadow-xl rounded-xl mt-8\">\n<table class=\"materias w-full border-collapse table-auto text-sm text-left bg-white\">\n<caption class=\"text-xl font-bold p-4 bg-[#CF2400] text-white rounded-t-xl\">PRIMER A\u00d1O<\/caption>\n<thead>\n<tr class=\"bg-gray-100 uppercase text-xs font-semibold text-gray-600 tracking-wider\">\n<th class=\"p-3 border-r border-gray-200\" rowspan=\"2\">MATERIA<\/th>\n<th class=\"p-3 border-r border-gray-200\" rowspan=\"2\">TIPO DE UNIDAD<\/th>\n<th class=\"p-3 border-r border-gray-200\" rowspan=\"2\">R\u00c9GIMEN<\/th>\n<th class=\"p-3 text-center\" colspan=\"2\">CORRELATIVAS<\/th>\n<\/tr>\n<tr class=\"bg-gray-100 uppercase text-xs font-semibold text-gray-600 tracking-wider\">\n<th class=\"p-3 border-r border-gray-200\">REGULAR<\/th>\n<th class=\"p-3\">APROBADO<\/th>\n<\/tr>\n<\/thead>\n<tbody class=\"divide-y divide-gray-200 text-gray-700\">\n<tr>\n<td class=\"p-3\">1.01 &#8211; Psicolog\u00eda<\/td>\n<td class=\"p-3\">Materia<\/td>\n<td class=\"p-3\">1\u00b0 Cuatri.<\/td>\n<td class=\"p-3\">&#8212;<\/td>\n<td class=\"p-3\">&#8212;<\/td>\n<\/tr>\n<tr>\n<td class=\"p-3\">1.02 &#8211; Did\u00e1ctica General<\/td>\n<td class=\"p-3\">Materia<\/td>\n<td class=\"p-3\">Anual<\/td>\n<td class=\"p-3\">&#8212;<\/td>\n<td class=\"p-3\">&#8212;<\/td>\n<\/tr>\n<tr>\n<td class=\"p-3\">1.03 &#8211; Psicolog\u00eda Educacional<\/td>\n<td class=\"p-3\">Materia<\/td>\n<td class=\"p-3\">2\u00b0 Cuatri.<\/td>\n<td class=\"p-3\">&#8212;<\/td>\n<td class=\"p-3\">&#8212;<\/td>\n<\/tr>\n<tr>\n<td class=\"p-3\">1.04 &#8211; Lectura y Escritura Acad\u00e9mica<\/td>\n<td class=\"p-3\">Taller<\/td>\n<td class=\"p-3\">Anual<\/td>\n<td class=\"p-3\">&#8212;<\/td>\n<td class=\"p-3\">&#8212;<\/td>\n<\/tr>\n<tr>\n<td class=\"p-3\">1.05 &#8211; Anatom\u00eda y Fisiolog\u00eda aplicada a la Danza<\/td>\n<td class=\"p-3\">Materia<\/td>\n<td class=\"p-3\">1\u00b0 Cuatri.<\/td>\n<td class=\"p-3\">&#8212;<\/td>\n<td class=\"p-3\">&#8212;<\/td>\n<\/tr>\n<tr>\n<td class=\"p-3\">1.06 &#8211; An\u00e1lisis Musical aplicado a la Danza Folkl\u00f3rica<\/td>\n<td class=\"p-3\">Materia<\/td>\n<td class=\"p-3\">2\u00b0 Cuatri.<\/td>\n<td class=\"p-3\">&#8212;<\/td>\n<td class=\"p-3\">&#8212;<\/td>\n<\/tr>\n<tr>\n<td class=\"p-3\">1.07 &#8211; Danzas Nativas<\/td>\n<td class=\"p-3\">Materia<\/td>\n<td class=\"p-3\">Anual<\/td>\n<td class=\"p-3\">&#8212;<\/td>\n<td class=\"p-3\">&#8212;<\/td>\n<\/tr>\n<tr>\n<td class=\"p-3\">1.08 &#8211; Zapateo<\/td>\n<td class=\"p-3\">Materia<\/td>\n<td class=\"p-3\">Anual<\/td>\n<td class=\"p-3\">&#8212;<\/td>\n<td class=\"p-3\">&#8212;<\/td>\n<\/tr>\n<tr>\n<td class=\"p-3\">1.09 &#8211; Pr\u00e1ctica Docente I: Contexto, Comunidad y Escuela<\/td>\n<td class=\"p-3\">Pr\u00e1ctica<\/td>\n<td class=\"p-3\">Anual<\/td>\n<td class=\"p-3\">&#8212;<\/td>\n<td class=\"p-3\">&#8212;<\/td>\n<\/tr>\n<\/tbody>\n<\/table>\n<\/div>\n<section id=\"Segundo a\u00f1o\"><\/section>\n<div class=\"overflow-x-auto shadow-xl rounded-xl mt-8\">\n<table class=\"materias w-full border-collapse table-auto text-sm text-left bg-white\">\n<caption class=\"text-xl font-bold p-4 bg-[#CF2400] text-white rounded-t-xl\">SEGUNDO A\u00d1O<\/caption>\n<thead>\n<tr class=\"bg-gray-100 uppercase text-xs font-semibold text-gray-600 tracking-wider\">\n<th class=\"p-3 border-r border-gray-200\" rowspan=\"2\">MATERIA<\/th>\n<th class=\"p-3 border-r border-gray-200\" rowspan=\"2\">TIPO DE UNIDAD<\/th>\n<th class=\"p-3 border-r border-gray-200\" rowspan=\"2\">R\u00c9GIMEN<\/th>\n<th class=\"p-3 text-center\" colspan=\"2\">CORRELATIVAS<\/th>\n<\/tr>\n<tr class=\"bg-gray-100 uppercase text-xs font-semibold text-gray-600 tracking-wider\">\n<th class=\"p-3 border-r border-gray-200\">REGULAR<\/th>\n<th class=\"p-3\">APROBADO<\/th>\n<\/tr>\n<\/thead>\n<tbody class=\"divide-y divide-gray-200 text-gray-700\">\n<tr>\n<td class=\"p-3\">2.10 &#8211; Sociolog\u00eda de la Educaci\u00f3n<\/td>\n<td class=\"p-3\">Materia<\/td>\n<td class=\"p-3\">2\u00b0 Cuatri.<\/td>\n<td class=\"p-3\">&#8212;<\/td>\n<td class=\"p-3\">&#8212;<\/td>\n<\/tr>\n<tr>\n<td class=\"p-3\">2.11 &#8211; Historia Argentina y Latinoamericana<\/td>\n<td class=\"p-3\">Materia<\/td>\n<td class=\"p-3\">1\u00b0 Cuatri.<\/td>\n<td class=\"p-3\">&#8212;<\/td>\n<td class=\"p-3\">&#8212;<\/td>\n<\/tr>\n<tr>\n<td class=\"p-3\">2.12 &#8211; Tecnolog\u00edas de la Informaci\u00f3n y de la Comunicaci\u00f3n<\/td>\n<td class=\"p-3\">Materia<\/td>\n<td class=\"p-3\">2\u00b0 Cuatri.<\/td>\n<td class=\"p-3\">&#8212;<\/td>\n<td class=\"p-3\">&#8212;<\/td>\n<\/tr>\n<tr>\n<td class=\"p-3\">2.13 &#8211; Folklore Argentino<\/td>\n<td class=\"p-3\">Materia<\/td>\n<td class=\"p-3\">Anual<\/td>\n<td class=\"p-3\">&#8212;<\/td>\n<td class=\"p-3\">&#8212;<\/td>\n<\/tr>\n<tr>\n<td class=\"p-3\">2.14 &#8211; Danzas Nativas Interdependientes<\/td>\n<td class=\"p-3\">Materia<\/td>\n<td class=\"p-3\">Anual<\/td>\n<td class=\"p-3\">&#8212;<\/td>\n<td class=\"p-3\">&#8212;<\/td>\n<\/tr>\n<tr>\n<td class=\"p-3\">2.15 &#8211; Zapateo Combinado<\/td>\n<td class=\"p-3\">Materia<\/td>\n<td class=\"p-3\">Anual<\/td>\n<td class=\"p-3\">&#8212;<\/td>\n<td class=\"p-3\">&#8212;<\/td>\n<\/tr>\n<tr>\n<td class=\"p-3\">2.16 &#8211; Did\u00e1ctica Especial de la Danza Folkl\u00f3rica: Educaci\u00f3n Inicial y Educaci\u00f3n Primaria<\/td>\n<td class=\"p-3\">Materia<\/td>\n<td class=\"p-3\">Anual<\/td>\n<td class=\"p-3\">&#8212;<\/td>\n<td class=\"p-3\">&#8212;<\/td>\n<\/tr>\n<tr>\n<td class=\"p-3\">2.17 &#8211; Instrumentos Folkl\u00f3ricos Regionales<\/td>\n<td class=\"p-3\">Materia<\/td>\n<td class=\"p-3\">1\u00b0 Cuatri.<\/td>\n<td class=\"p-3\">&#8212;<\/td>\n<td class=\"p-3\">&#8212;<\/td>\n<\/tr>\n<tr>\n<td class=\"p-3\">2.18 &#8211; Pr\u00e1ctica Docente II: Gesti\u00f3n Institucional, Curr\u00edculum y Ense\u00f1anza<\/td>\n<td class=\"p-3\">Pr\u00e1ctica<\/td>\n<td class=\"p-3\">Anual<\/td>\n<td class=\"p-3\">&#8212;<\/td>\n<td class=\"p-3\">&#8212;<\/td>\n<\/tr>\n<\/tbody>\n<\/table>\n<\/div>\n<section id=\"Tercer a\u00f1o\"><\/section>\n<div class=\"overflow-x-auto shadow-xl rounded-xl mt-8\">\n<table class=\"materias w-full border-collapse table-auto text-sm text-left bg-white\">\n<caption class=\"text-xl font-bold p-4 bg-[#CF2400] text-white rounded-t-xl\">TERCER A\u00d1O<\/caption>\n<thead>\n<tr class=\"bg-gray-100 uppercase text-xs font-semibold text-gray-600 tracking-wider\">\n<th class=\"p-3 border-r border-gray-200\" rowspan=\"2\">MATERIA<\/th>\n<th class=\"p-3 border-r border-gray-200\" rowspan=\"2\">TIPO DE UNIDAD<\/th>\n<th class=\"p-3 border-r border-gray-200\" rowspan=\"2\">R\u00c9GIMEN<\/th>\n<th class=\"p-3 text-center\" colspan=\"2\">CORRELATIVAS<\/th>\n<\/tr>\n<tr class=\"bg-gray-100 uppercase text-xs font-semibold text-gray-600 tracking-wider\">\n<th class=\"p-3 border-r border-gray-200\">REGULAR<\/th>\n<th class=\"p-3\">APROBADO<\/th>\n<\/tr>\n<\/thead>\n<tbody class=\"divide-y divide-gray-200 text-gray-700\">\n<tr>\n<td class=\"p-3\">3.19 &#8211; Historia y Pol\u00edtica de la Educaci\u00f3n Argentina<\/td>\n<td class=\"p-3\">Materia<\/td>\n<td class=\"p-3\">1\u00b0 Cuatri.<\/td>\n<td class=\"p-3\">&#8212;<\/td>\n<td class=\"p-3\">&#8212;<\/td>\n<\/tr>\n<tr>\n<td class=\"p-3\">3.20 &#8211; Filosof\u00eda<\/td>\n<td class=\"p-3\">Materia<\/td>\n<td class=\"p-3\">2\u00b0 Cuatri.<\/td>\n<td class=\"p-3\">&#8212;<\/td>\n<td class=\"p-3\">&#8212;<\/td>\n<\/tr>\n<tr>\n<td class=\"p-3\">3.21 &#8211; Historia de la Danza y el Atuendo Argentino<\/td>\n<td class=\"p-3\">Materia<\/td>\n<td class=\"p-3\">Anual<\/td>\n<td class=\"p-3\">&#8212;<\/td>\n<td class=\"p-3\">&#8212;<\/td>\n<\/tr>\n<tr>\n<td class=\"p-3\">3.22 &#8211; Danzas Nativas de Car\u00e1cter Expresivo<\/td>\n<td class=\"p-3\">Materia<\/td>\n<td class=\"p-3\">Anual<\/td>\n<td class=\"p-3\">&#8212;<\/td>\n<td class=\"p-3\">&#8212;<\/td>\n<\/tr>\n<tr>\n<td class=\"p-3\">3.23 &#8211; Zapateo de Creaci\u00f3n<\/td>\n<td class=\"p-3\">Materia<\/td>\n<td class=\"p-3\">Anual<\/td>\n<td class=\"p-3\">&#8212;<\/td>\n<td class=\"p-3\">&#8212;<\/td>\n<\/tr>\n<tr>\n<td class=\"p-3\">3.24 &#8211; Did\u00e1ctica Especial de la Danza Contempor\u00e1nea: Educaci\u00f3n Secundaria y \u00c1mnitos no Formales<\/td>\n<td class=\"p-3\">Materia<\/td>\n<td class=\"p-3\">Anual<\/td>\n<td class=\"p-3\">&#8212;<\/td>\n<td class=\"p-3\">&#8212;<\/td>\n<\/tr>\n<tr>\n<td class=\"p-3\">3.25 &#8211; Sujetos de la Educaci\u00f3n<\/td>\n<td class=\"p-3\">Materia<\/td>\n<td class=\"p-3\">Anual<\/td>\n<td class=\"p-3\">&#8212;<\/td>\n<td class=\"p-3\">&#8212;<\/td>\n<\/tr>\n<tr>\n<td class=\"p-3\">3.26 &#8211; Pr\u00e1ctica Docente III: Pr\u00e1ctica y Residencia Pedag\u00f3gica en el Nivel Inicial y Primario<\/td>\n<td class=\"p-3\">Pr\u00e1ctica<\/td>\n<td class=\"p-3\">Anual<\/td>\n<td class=\"p-3\">&#8212;<\/td>\n<td class=\"p-3\">&#8212;<\/td>\n<\/tr>\n<\/tbody>\n<\/table>\n<\/div>\n<section id=\"Cuarto a\u00f1o\"><\/section>\n<div class=\"overflow-x-auto shadow-xl rounded-xl mt-8\">\n<table class=\"materias w-full border-collapse table-auto text-sm text-left bg-white\">\n<caption class=\"text-xl font-bold p-4 bg-[#CF2400] text-white rounded-t-xl\">CUARTO A\u00d1O<\/caption>\n<thead>\n<tr class=\"bg-gray-100 uppercase text-xs font-semibold text-gray-600 tracking-wider\">\n<th class=\"p-3 border-r border-gray-200\" rowspan=\"2\">MATERIA<\/th>\n<th class=\"p-3 border-r border-gray-200\" rowspan=\"2\">TIPO DE UNIDAD<\/th>\n<th class=\"p-3 border-r border-gray-200\" rowspan=\"2\">R\u00c9GIMEN<\/th>\n<th class=\"p-3 text-center\" colspan=\"2\">CORRELATIVAS<\/th>\n<\/tr>\n<tr class=\"bg-gray-100 uppercase text-xs font-semibold text-gray-600 tracking-wider\">\n<th class=\"p-3 border-r border-gray-200\">REGULAR<\/th>\n<th class=\"p-3\">APROBADO<\/th>\n<\/tr>\n<\/thead>\n<tbody class=\"divide-y divide-gray-200 text-gray-700\">\n<tr>\n<td class=\"p-3\">4.27 &#8211; Formaci\u00f3n \u00c9tica y Ciudadana<\/td>\n<td class=\"p-3\">Materia<\/td>\n<td class=\"p-3\">1\u00b0 Cuatri.<\/td>\n<td class=\"p-3\">&#8212;<\/td>\n<td class=\"p-3\">&#8212;<\/td>\n<\/tr>\n<tr>\n<td class=\"p-3\">4.28 &#8211; Problem\u00e1tica de la Interculturalidad<\/td>\n<td class=\"p-3\">Seminario<\/td>\n<td class=\"p-3\">2\u00b0 Cuatri.<\/td>\n<td class=\"p-3\">&#8212;<\/td>\n<td class=\"p-3\">&#8212;<\/td>\n<\/tr>\n<tr>\n<td class=\"p-3\">4.29 &#8211; Folklore Regionale<\/td>\n<td class=\"p-3\">Materia<\/td>\n<td class=\"p-3\">Anual<\/td>\n<td class=\"p-3\">&#8212;<\/td>\n<td class=\"p-3\">&#8212;<\/td>\n<\/tr>\n<tr>\n<td class=\"p-3\">4.30 &#8211; Danzas de Conjunto y de Proyecci\u00f3n<\/td>\n<td class=\"p-3\">Materia<\/td>\n<td class=\"p-3\">Anual<\/td>\n<td class=\"p-3\">&#8212;<\/td>\n<td class=\"p-3\">&#8212;<\/td>\n<\/tr>\n<tr>\n<td class=\"p-3\">4.31 &#8211; Danzas Latinoamericanas<\/td>\n<td class=\"p-3\">Materia<\/td>\n<td class=\"p-3\">1\u00b0 Cuatri.<\/td>\n<td class=\"p-3\">&#8212;<\/td>\n<td class=\"p-3\">&#8212;<\/td>\n<\/tr>\n<tr>\n<td class=\"p-3\">4.32 &#8211; Composici\u00f3n Coreogr\u00e1fica<\/td>\n<td class=\"p-3\">Taller<\/td>\n<td class=\"p-3\">2\u00b0 Cuatri.<\/td>\n<td class=\"p-3\">&#8212;<\/td>\n<td class=\"p-3\">&#8212;<\/td>\n<\/tr>\n<tr>\n<td class=\"p-3\">4.33 &#8211; Producci\u00f3n de Espectaculos<\/td>\n<td class=\"p-3\">Seminario<\/td>\n<td class=\"p-3\">1\u00b0 Cuatri.<\/td>\n<td class=\"p-3\">&#8212;<\/td>\n<td class=\"p-3\">&#8212;<\/td>\n<\/tr>\n<tr>\n<td class=\"p-3\">4.34 &#8211; Tango<\/td>\n<td class=\"p-3\">Materia<\/td>\n<td class=\"p-3\">2\u00b0 Cuatri.<\/td>\n<td class=\"p-3\">&#8212;<\/td>\n<td class=\"p-3\">&#8212;<\/td>\n<\/tr>\n<tr>\n<td class=\"p-3\">4.35 &#8211; Educaci\u00f3n Sexual Integral<\/td>\n<td class=\"p-3\">Taller<\/td>\n<td class=\"p-3\">2\u00b0 Cuatri.<\/td>\n<td class=\"p-3\">&#8212;<\/td>\n<td class=\"p-3\">&#8212;<\/td>\n<\/tr>\n<tr>\n<td class=\"p-3\">4.36 &#8211; Pr\u00e1ctica Docente IV: Pr\u00e1ctica y Residencia Pedag\u00f3gica en el Nivel Secundaria y \u00c1mbitos no Formales<\/td>\n<td class=\"p-3\">Pr\u00e1ctica<\/td>\n<td class=\"p-3\">Anual<\/td>\n<td class=\"p-3\">&#8212;<\/td>\n<td class=\"p-3\">&#8212;<\/td>\n<\/tr>\n<\/tbody>\n<\/table>\n<\/div>\n<nav class=\"mi-boton mt-12 mb-8 p-3 rounded-xl flex flex-wrap justify-center gap-4 bg-gray-100 shadow-lg\">\n        <a href=\"incio.html\" class=\"text-gray-700 hover:text-[#CF2400] font-semibold transition duration-200\">Volver al inicio<\/a><br \/>\n<a href=\"#top\" class=\"text-gray-700 hover:text-[#CF2400] font-semibold transition duration-200\">Volver hacia arriba<\/a><br \/>\n<\/nav>\n","protected":false},"excerpt":{"rendered":"<p>Profesorado de Danzaz Folkl\u00f3ricas Profesorado de Danzaz Folkl\u00f3ricas Informaci\u00f3n General T\u00edtulo a Otorgar: Profesor\/a de Danza con Orientaci\u00f3n en Danzas Folkl\u00f3ricas. Duraci\u00f3n: 4 a\u00f1os Carga Horaria: Hs. c\u00e1tedra 3704- Hs. reloj 2808 Modalidad: Presencial Cursado: Turno tarde (de lunes a viernes- de 19:10 a 23:10 Hs.) Resoluci\u00f3n: Resoluci\u00f3n Alcance de la Carrera Docente para la &#8230; <a title=\"Profesorado de Danzas con Orientaci\u00f3n en Danzas Folkl\u00f3ricas\" class=\"read-more\" href=\"https:\/\/ies6023-sal.infd.edu.ar\/sitio\/profesorado-de-danzas-con-orientacion-en-danzas-folkloricas\/\" aria-label=\"More on Profesorado de Danzas con Orientaci\u00f3n en Danzas Folkl\u00f3ricas\">[+]<\/a><\/p>\n","protected":false},"author":925,"featured_media":0,"parent":0,"menu_order":0,"comment_status":"closed","ping_status":"closed","template":"","meta":[],"acf":[],"_links":{"self":[{"href":"https:\/\/ies6023-sal.infd.edu.ar\/sitio\/wp-json\/wp\/v2\/pages\/972"}],"collection":[{"href":"https:\/\/ies6023-sal.infd.edu.ar\/sitio\/wp-json\/wp\/v2\/pages"}],"about":[{"href":"https:\/\/ies6023-sal.infd.edu.ar\/sitio\/wp-json\/wp\/v2\/types\/page"}],"author":[{"embeddable":true,"href":"https:\/\/ies6023-sal.infd.edu.ar\/sitio\/wp-json\/wp\/v2\/users\/925"}],"replies":[{"embeddable":true,"href":"https:\/\/ies6023-sal.infd.edu.ar\/sitio\/wp-json\/wp\/v2\/comments?post=972"}],"version-history":[{"count":8,"href":"https:\/\/ies6023-sal.infd.edu.ar\/sitio\/wp-json\/wp\/v2\/pages\/972\/revisions"}],"predecessor-version":[{"id":1367,"href":"https:\/\/ies6023-sal.infd.edu.ar\/sitio\/wp-json\/wp\/v2\/pages\/972\/revisions\/1367"}],"wp:attachment":[{"href":"https:\/\/ies6023-sal.infd.edu.ar\/sitio\/wp-json\/wp\/v2\/media?parent=972"}],"curies":[{"name":"wp","href":"https:\/\/api.w.org\/{rel}","templated":true}]}}