{"id":823,"date":"2018-08-31T14:03:24","date_gmt":"2018-08-31T17:03:24","guid":{"rendered":"https:\/\/ies6023-sal.infd.edu.ar\/sitio\/plan-de-estudios-4\/"},"modified":"2025-11-03T21:14:55","modified_gmt":"2025-11-04T00:14:55","slug":"plan-de-estudios-danza-folcklorica","status":"publish","type":"page","link":"https:\/\/ies6023-sal.infd.edu.ar\/sitio\/plan-de-estudios-danza-folcklorica\/","title":{"rendered":"Profesorado de Danzas con Orientacion en Danzas Folckloricas"},"content":{"rendered":"<h2>Perfil del Egresado<\/h2>\n<p>El futuro egresado se convierte en un agente cultural activo, capaz de desempe\u00f1arse como int\u00e9rprete en escenarios profesionales, como investigador riguroso de las fuentes tradicionales y, fundamentalmente, como docente habilitado para ejercer en todos los niveles del sistema educativo formal y no formal, asegurando que las futuras generaciones conecten con la historia y el sentir de nuestra tierra a trav\u00e9s del movimiento. Es un compromiso con la tradici\u00f3n visto desde la innovaci\u00f3n y la excelencia acad\u00e9mica.<\/p>\n\n\n<p><strong>Alcance de la Carrera:<\/strong> El t\u00edtulo de Profesor\/a de Danzas con Orientaci\u00f3n en Danzas Folkl\u00f3ricas certifica una formaci\u00f3n de excelencia, y que otorga una habilitaci\u00f3n profesional de car\u00e1cter nacional. Este alcance es un factor clave, ya que permite al egresado ejercer su rol profesional sin restricciones geogr\u00e1ficas, desplegando su talento y conocimiento a lo largo de todas y cada una de las provincias argentinas, desde la Quiaca hasta Ushuaia.<\/p>\n","protected":false},"excerpt":{"rendered":"<p>Perfil del Egresado El futuro egresado se convierte en un agente cultural activo, capaz de desempe\u00f1arse como int\u00e9rprete en escenarios profesionales, como investigador riguroso de las fuentes tradicionales y, fundamentalmente, como docente habilitado para ejercer en todos los niveles del sistema educativo formal y no formal, asegurando que las futuras generaciones conecten con la historia &#8230; <a title=\"Profesorado de Danzas con Orientacion en Danzas Folckloricas\" class=\"read-more\" href=\"https:\/\/ies6023-sal.infd.edu.ar\/sitio\/plan-de-estudios-danza-folcklorica\/\" aria-label=\"More on Profesorado de Danzas con Orientacion en Danzas Folckloricas\">[+]<\/a><\/p>\n","protected":false},"author":214,"featured_media":0,"parent":0,"menu_order":0,"comment_status":"closed","ping_status":"closed","template":"","meta":[],"acf":[],"_links":{"self":[{"href":"https:\/\/ies6023-sal.infd.edu.ar\/sitio\/wp-json\/wp\/v2\/pages\/823"}],"collection":[{"href":"https:\/\/ies6023-sal.infd.edu.ar\/sitio\/wp-json\/wp\/v2\/pages"}],"about":[{"href":"https:\/\/ies6023-sal.infd.edu.ar\/sitio\/wp-json\/wp\/v2\/types\/page"}],"author":[{"embeddable":true,"href":"https:\/\/ies6023-sal.infd.edu.ar\/sitio\/wp-json\/wp\/v2\/users\/214"}],"replies":[{"embeddable":true,"href":"https:\/\/ies6023-sal.infd.edu.ar\/sitio\/wp-json\/wp\/v2\/comments?post=823"}],"version-history":[{"count":3,"href":"https:\/\/ies6023-sal.infd.edu.ar\/sitio\/wp-json\/wp\/v2\/pages\/823\/revisions"}],"predecessor-version":[{"id":1292,"href":"https:\/\/ies6023-sal.infd.edu.ar\/sitio\/wp-json\/wp\/v2\/pages\/823\/revisions\/1292"}],"wp:attachment":[{"href":"https:\/\/ies6023-sal.infd.edu.ar\/sitio\/wp-json\/wp\/v2\/media?parent=823"}],"curies":[{"name":"wp","href":"https:\/\/api.w.org\/{rel}","templated":true}]}}