{"id":808,"date":"2018-08-31T14:03:19","date_gmt":"2018-08-31T17:03:19","guid":{"rendered":"https:\/\/ies6023-sal.infd.edu.ar\/sitio\/calendario-academico\/"},"modified":"2025-11-14T11:25:59","modified_gmt":"2025-11-14T14:25:59","slug":"calendario-academico","status":"publish","type":"page","link":"https:\/\/ies6023-sal.infd.edu.ar\/sitio\/calendario-academico\/","title":{"rendered":"Calendario Acad\u00e9mico"},"content":{"rendered":"<p><meta charset=\"UTF-8\"><br \/>\n<meta name=\"viewport\" content=\"width=device-width, initial-scale=1.0\"><br \/>\n<title>Calendario Acad\u00e9mico<\/title><br \/>\n<!-- Carga de Tailwind CSS para un dise\u00f1o responsive y moderno --><br \/>\n<script src=\"https:\/\/cdn.tailwindcss.com\"><\/script><\/p>\n<style>\n        \/* Definici\u00f3n de la fuente Inter y colores base *\/<br \/>\n        body {<br \/>\n            font-family: 'Inter', sans-serif;<br \/>\n            margin: 0;<br \/>\n            padding: 0;<br \/>\n            background-color: #f9fafb; \/* Fondo claro *\/<br \/>\n        }<br \/>\n        \/* Color institucional (marr\u00f3n\/naranja fuerte del header original) *\/<br \/>\n        .color-primary {<br \/>\n            color: #8e5110;<br \/>\n        }<br \/>\n        .bg-header {<br \/>\n            background-color: #8e5110;<br \/>\n        }<br \/>\n        \/* Color institucional secundario (naranja\/\u00e1mbar) para detalles *\/<br \/>\n        .color-secondary {<br \/>\n            color: #cc6600;<br \/>\n        }<br \/>\n    <\/style>\n<div class=\"max-w-3xl mx-auto space-y-8 mt-4\">\n<p>    <!-- T\u00edtulo Principal --><\/p>\n<h1 class=\"text-4xl font-extrabold text-center text-gray-900 mb-2\">\n        Calendario Acad\u00e9mico<\/h1>\n<p><!-- Contenedor del Calendario --><\/p>\n<div class=\"bg-white p-6 sm:p-8 rounded-xl shadow-2xl border-t-8 border-bg-header\">\n<div class=\"flex flex-col items-center justify-center mb-6\">\n            <!-- Placeholder para la imagen del almanaque (ya que la URL original es de 2018) --><br \/>\n<img decoding=\"async\" src=\"https:\/\/media.istockphoto.com\/id\/1212381977\/es\/vector\/icono-de-calendario-de-dise%C3%B1o-plano-simple.jpg?s=612x612&amp;w=0&amp;k=20&amp;c=rH2qnbNgiZIKp2fghqjhLUr7r97KTgCheIoVuFUmKEY=\" alt=\"Almanaque\" class=\"w-16 h-16 mb-3\"><\/p>\n<h2 class=\"text-2xl font-bold text-gray-800\">\n                Calendario acad\u00e9mico 2025<\/h2>\n<\/div>\n<p><!-- Tabla de Eventos (Estructura de lista moderna) --><\/p>\n<div class=\"space-y-4\">\n<p>            <!-- Bloque de Eventos --><\/p>\n<div class=\"rounded-lg overflow-hidden border border-gray-300\">\n<div class=\"p-3 bg-gray-200 font-bold text-sm text-center uppercase color-primary\">\n                    Mesas de ex\u00e1menes<\/div>\n<div class=\"p-3 bg-white text-center text-gray-700 font-medium text-lg\">\n                    18 de febrero al 20 de marzo<\/div>\n<\/div>\n<div class=\"rounded-lg overflow-hidden border border-gray-300\">\n<div class=\"p-3 bg-gray-200 font-bold text-sm text-center uppercase color-primary\">\n                    Primer cuatrimestre<\/div>\n<div class=\"p-3 bg-white text-center text-gray-700 font-medium text-lg\">\n                    24 de marzo al 11 de julio<\/div>\n<\/div>\n<div class=\"rounded-lg overflow-hidden border border-gray-300\">\n<div class=\"p-3 bg-gray-200 font-bold text-sm text-center uppercase color-primary\">\n                    Receso invernal<\/div>\n<div class=\"p-3 bg-white text-center text-gray-700 font-medium text-lg\">\n                    14 al 15 de julio<\/div>\n<\/div>\n<div class=\"rounded-lg overflow-hidden border border-gray-300\">\n<div class=\"p-3 bg-gray-200 font-bold text-sm text-center uppercase color-primary\">\n                    Mesas de ex\u00e1menes<\/div>\n<div class=\"p-3 bg-white text-center text-gray-700 font-medium text-lg\">\n                    28 de julio al 8 de agosto<\/div>\n<\/div>\n<div class=\"rounded-lg overflow-hidden border border-gray-300\">\n<div class=\"p-3 bg-gray-200 font-bold text-sm text-center uppercase color-primary\">\n                    Segundo cuatrimestre<\/div>\n<div class=\"p-3 bg-white text-center text-gray-700 font-medium text-lg\">\n                    11 de agosto al 21 de noviembre<\/div>\n<\/div>\n<div class=\"rounded-lg overflow-hidden border border-gray-300\">\n<div class=\"p-3 bg-gray-200 font-bold text-sm text-center uppercase color-primary\">\n                    Mesas de ex\u00e1menes<\/div>\n<div class=\"p-3 bg-white text-center text-gray-700 font-medium text-lg\">\n                    24 de noviembre al 23 de diciembre<\/div>\n<\/div>\n<\/div>\n<\/div>\n<\/div>\n","protected":false},"excerpt":{"rendered":"<p>Calendario Acad\u00e9mico Calendario Acad\u00e9mico Calendario acad\u00e9mico 2025 Mesas de ex\u00e1menes 18 de febrero al 20 de marzo Primer cuatrimestre 24 de marzo al 11 de julio Receso invernal 14 al 15 de julio Mesas de ex\u00e1menes 28 de julio al 8 de agosto Segundo cuatrimestre 11 de agosto al 21 de noviembre Mesas de ex\u00e1menes &#8230; <a title=\"Calendario Acad\u00e9mico\" class=\"read-more\" href=\"https:\/\/ies6023-sal.infd.edu.ar\/sitio\/calendario-academico\/\" aria-label=\"More on Calendario Acad\u00e9mico\">[+]<\/a><\/p>\n","protected":false},"author":214,"featured_media":0,"parent":0,"menu_order":0,"comment_status":"closed","ping_status":"closed","template":"","meta":[],"acf":[],"_links":{"self":[{"href":"https:\/\/ies6023-sal.infd.edu.ar\/sitio\/wp-json\/wp\/v2\/pages\/808"}],"collection":[{"href":"https:\/\/ies6023-sal.infd.edu.ar\/sitio\/wp-json\/wp\/v2\/pages"}],"about":[{"href":"https:\/\/ies6023-sal.infd.edu.ar\/sitio\/wp-json\/wp\/v2\/types\/page"}],"author":[{"embeddable":true,"href":"https:\/\/ies6023-sal.infd.edu.ar\/sitio\/wp-json\/wp\/v2\/users\/214"}],"replies":[{"embeddable":true,"href":"https:\/\/ies6023-sal.infd.edu.ar\/sitio\/wp-json\/wp\/v2\/comments?post=808"}],"version-history":[{"count":2,"href":"https:\/\/ies6023-sal.infd.edu.ar\/sitio\/wp-json\/wp\/v2\/pages\/808\/revisions"}],"predecessor-version":[{"id":1348,"href":"https:\/\/ies6023-sal.infd.edu.ar\/sitio\/wp-json\/wp\/v2\/pages\/808\/revisions\/1348"}],"wp:attachment":[{"href":"https:\/\/ies6023-sal.infd.edu.ar\/sitio\/wp-json\/wp\/v2\/media?parent=808"}],"curies":[{"name":"wp","href":"https:\/\/api.w.org\/{rel}","templated":true}]}}