{"id":806,"date":"2018-08-31T14:03:18","date_gmt":"2018-08-31T17:03:18","guid":{"rendered":"https:\/\/ies6023-sal.infd.edu.ar\/sitio\/historia\/"},"modified":"2025-11-14T17:32:35","modified_gmt":"2025-11-14T20:32:35","slug":"historia","status":"publish","type":"page","link":"https:\/\/ies6023-sal.infd.edu.ar\/sitio\/historia\/","title":{"rendered":"Historia"},"content":{"rendered":"<p><meta charset=\"UTF-8\"><br \/>\n<meta name=\"viewport\" content=\"width=device-width, initial-scale=1.0\"><br \/>\n<title>Historia del Instituto IES N\u00b0 6.023<\/title><br \/>\n<!-- Carga de Tailwind CSS para un dise\u00f1o responsive y moderno --><br \/>\n<script src=\"https:\/\/cdn.tailwindcss.com\"><\/script><\/p>\n<style>\n        \/* Definici\u00f3n de la fuente Inter y colores base *\/<br \/>\n        body {<br \/>\n            font-family: 'Inter', sans-serif;<br \/>\n            margin: 0;<br \/>\n            padding: 0;<br \/>\n            background-color: #f9fafb; \/* Fondo claro *\/<br \/>\n        }<br \/>\n        \/* Color institucional (marr\u00f3n claro\/naranja) *\/<br \/>\n        .color-institucional {<br \/>\n            color: #8d6729; \/* Marr\u00f3n del texto original *\/<br \/>\n        }<br \/>\n        \/* Color institucional principal (marr\u00f3n oscuro para t\u00edtulos) *\/<br \/>\n        .color-primary {<br \/>\n            color: #6d4d1e;<br \/>\n        }<br \/>\n    <\/style>\n<div class=\"max-w-4xl mx-auto space-y-8 mt-6\">\n<header class=\"text-center pb-4 border-b border-gray-300\">\n<h1 class=\"text-4xl font-extrabold color-primary mb-2\">\n            Historia Institucional<\/h1>\n<p class=\"text-xl font-semibold color-institucional\">\n            IES N\u00ba 6.023 \u00abDr. Alfredo Loutaif\u00bb &#8211; Or\u00e1n, Salta<\/p>\n<\/header>\n<p>    <!-- Contenido Hist\u00f3rico --><\/p>\n<div class=\"bg-white p-6 sm:p-8 rounded-xl shadow-lg space-y-6 text-lg text-gray-700 leading-relaxed\">\n<p class=\"text-justify indent-8\">\n            En San Ram\u00f3n de la Nueva Or\u00e1n, en el Valle del Zenta, se encuentra ubicado este Instituto de Ense\u00f1anza Superior, que en el a\u00f1o **1983**, a trav\u00e9s de un Convenio celebrado entre el Gobierno de la provincia y la Universidad Nacional de Salta (aprobado por resoluci\u00f3n 932\/83), comienza a funcionar el **08 de Agosto** del mismo a\u00f1o en la sede de la UNSa.<\/p>\n<h2 class=\"text-2xl font-bold color-primary mt-6 mb-3\">\n            Homenaje al Dr. Alfredo Loutaif<\/h2>\n<p class=\"text-justify indent-8\">\n            Por **resoluci\u00f3n interna N\u00ba 1\/85 del 13 de marzo** de dicho a\u00f1o, el Director, Dr. Lucas Lencinas, con anuencia de la Comunidad Educativa, resuelve identificar el establecimiento con el nombre del **Dr. Alfredo Loutaif**, en virtud de su reciente fallecimiento y al reconocimiento justo y meritorio que debe tener por su desinteresada colaboraci\u00f3n y actuaci\u00f3n en el campo educativo y muy especialmente a nivel Educaci\u00f3n Especial y en la creaci\u00f3n de este Instituto de Formaci\u00f3n Docente.<\/p>\n<h2 class=\"text-2xl font-bold color-primary mt-6 mb-3\">\n            Cambios de Sede y Oferta Acad\u00e9mica<\/h2>\n<p class=\"text-justify indent-8\">\n            A partir del **19 de agosto de 1985**, el establecimiento comienza a funcionar en el domicilio de **9 de julio N\u00ba 786**, de la ciudad de Or\u00e1n. En este espacio temporal se incorporaron las carreras de Historia y Geograf\u00eda y el Profesorado de Ciencias Biol\u00f3gicas, cubriendo las necesidades de la zona.<\/p>\n<p class=\"text-justify indent-8\">\n            Desde **Abril de 1988**, previo Contrato de Comodato con el Consejo General de Educaci\u00f3n, se comparten las instalaciones con la **Escuela Patr\u00f3n Costas**.<\/p>\n<p class=\"text-justify indent-8\">\n            En el a\u00f1o **1990**, ante el pedido de reformulaci\u00f3n de carreras, se procede al cierre de los profesorados de Historia y Geograf\u00eda y el Ciencias Biol\u00f3gicas, manteni\u00e9ndose el Profesorado de Jard\u00edn de Infantes hasta el per\u00edodo lectivo 1991. Posteriormente se abren las carreras de Profesorado en Historia y Profesorado de Geograf\u00eda, por separado, y Ciencias Naturales.<\/p>\n<p class=\"text-justify indent-8\">\n            Nuevamente, el Instituto funciona, una parte en calle 9 de julio 786 y otra parte en la **Escuela General Pizarro**.<\/p>\n<p class=\"text-justify indent-8\">\n            Vi\u00e9ndose la necesidad e importancia de poder ocupar un solo espacio f\u00edsico, se gestiona la posibilidad de compartir el edificio de la **Escuela de Comercio N\u00ba 5091 \u201cJulio Cort\u00e9s\u201d**. All\u00ed se traslada todo el Instituto a partir del ciclo lectivo **1993** y al siguiente a\u00f1o se concreta la construcci\u00f3n de las oficinas exclusivas del Instituto (Rectorado, secretar\u00eda, Preceptor\u00eda y Sala de Profesores).<\/p>\n<p class=\"text-justify indent-8\">\n            Entre los a\u00f1os **1994 y 1995** se produce el cierre de algunas carreras y aperturas de otras como el Profesorado de Educaci\u00f3n B\u00e1sica, basado en la aplicaci\u00f3n del Plan de Transformaci\u00f3n de la Formaci\u00f3n Docente (PTFD).<\/p>\n<p class=\"text-justify indent-8\">\n            En el a\u00f1o **1997** se implementa la creaci\u00f3n de la carrera de Profesorado de Ingl\u00e9s. M\u00e1s tarde se crean las carreras de Profesorado en Lengua y la Tecnicatura en Gesti\u00f3n de las Organizaciones.<\/p>\n<p class=\"text-justify indent-8\">\n            A partir del a\u00f1o **2008**, el Instituto Loutaif ocupa otro sector de la Escuela de Comercio, la parte este de dicho establecimiento, contando inclusive con un espacio para el funcionamiento del CAIE.<\/p>\n<\/div>\n<\/div>\n","protected":false},"excerpt":{"rendered":"<p>Historia del Instituto IES N\u00b0 6.023 Historia Institucional IES N\u00ba 6.023 \u00abDr. Alfredo Loutaif\u00bb &#8211; Or\u00e1n, Salta En San Ram\u00f3n de la Nueva Or\u00e1n, en el Valle del Zenta, se encuentra ubicado este Instituto de Ense\u00f1anza Superior, que en el a\u00f1o **1983**, a trav\u00e9s de un Convenio celebrado entre el Gobierno de la provincia y &#8230; <a title=\"Historia\" class=\"read-more\" href=\"https:\/\/ies6023-sal.infd.edu.ar\/sitio\/historia\/\" aria-label=\"More on Historia\">[+]<\/a><\/p>\n","protected":false},"author":214,"featured_media":0,"parent":0,"menu_order":0,"comment_status":"closed","ping_status":"closed","template":"","meta":[],"acf":[],"_links":{"self":[{"href":"https:\/\/ies6023-sal.infd.edu.ar\/sitio\/wp-json\/wp\/v2\/pages\/806"}],"collection":[{"href":"https:\/\/ies6023-sal.infd.edu.ar\/sitio\/wp-json\/wp\/v2\/pages"}],"about":[{"href":"https:\/\/ies6023-sal.infd.edu.ar\/sitio\/wp-json\/wp\/v2\/types\/page"}],"author":[{"embeddable":true,"href":"https:\/\/ies6023-sal.infd.edu.ar\/sitio\/wp-json\/wp\/v2\/users\/214"}],"replies":[{"embeddable":true,"href":"https:\/\/ies6023-sal.infd.edu.ar\/sitio\/wp-json\/wp\/v2\/comments?post=806"}],"version-history":[{"count":3,"href":"https:\/\/ies6023-sal.infd.edu.ar\/sitio\/wp-json\/wp\/v2\/pages\/806\/revisions"}],"predecessor-version":[{"id":1363,"href":"https:\/\/ies6023-sal.infd.edu.ar\/sitio\/wp-json\/wp\/v2\/pages\/806\/revisions\/1363"}],"wp:attachment":[{"href":"https:\/\/ies6023-sal.infd.edu.ar\/sitio\/wp-json\/wp\/v2\/media?parent=806"}],"curies":[{"name":"wp","href":"https:\/\/api.w.org\/{rel}","templated":true}]}}