{"id":804,"date":"2018-08-31T14:03:17","date_gmt":"2018-08-31T17:03:17","guid":{"rendered":"https:\/\/ies6023-sal.infd.edu.ar\/sitio\/autoridades\/"},"modified":"2025-11-13T17:21:30","modified_gmt":"2025-11-13T20:21:30","slug":"autoridades","status":"publish","type":"page","link":"https:\/\/ies6023-sal.infd.edu.ar\/sitio\/autoridades\/","title":{"rendered":"Autoridades"},"content":{"rendered":"<p style=\"text-align: center;\"><strong style=\"color: #ff6600; font-family: arial, helvetica, sans-serif; font-size: 12pt;\">\u00a0<\/strong><\/p>\n<p style=\"text-align: center;\"><strong style=\"color: #ff6600; font-family: arial, helvetica, sans-serif; font-size: 12pt;\">Autoridades del Instituto Alfredo Loutaif<\/strong><\/p>\n<ul style=\"text-align: center;\">\n<li><strong><span style=\"font-size: 12pt; color: #3366ff; font-family: arial,helvetica,sans-serif;\"><span style=\"font-size: 12pt; color: #3366ff; font-family: arial,helvetica,sans-serif;\"><span style=\"font-size: 12pt; color: #3366ff; font-family: arial,helvetica,sans-serif;\"><span style=\"font-size: 12pt; color: #3366ff; font-family: arial,helvetica,sans-serif;\">Coordinadora Academica \u00a0a cargo de Rector\u00eda: <\/span><\/span><\/span><\/span><\/strong><\/li>\n<li><strong><span style=\"font-size: 12pt; color: #3366ff; font-family: arial,helvetica,sans-serif;\"><span style=\"font-size: 12pt; color: #3366ff; font-family: arial,helvetica,sans-serif;\"><span style=\"font-size: 12pt; color: #3366ff; font-family: arial,helvetica,sans-serif;\"><span style=\"font-size: 12pt; color: #3366ff; font-family: arial,helvetica,sans-serif;\">Esp. Mar\u00eda Elvira Gim\u00e9nez<\/span><\/span><\/span><\/span><\/strong><\/li>\n<\/ul>\n<p style=\"text-align: center;\"><span style=\"font-size: 12pt; color: #3366ff; font-family: arial,helvetica,sans-serif;\"><strong><span style=\"font-size: 12pt; color: #3366ff; font-family: arial,helvetica,sans-serif;\"><span style=\"font-size: 12pt; color: #3366ff; font-family: arial,helvetica,sans-serif;\"><span style=\"font-size: 12pt; color: #3366ff; font-family: arial,helvetica,sans-serif;\">Personal de Secretaria y Adminsitrativo <\/span><\/span><\/span><\/strong><\/span><\/p>\n<p style=\"text-align: center;\"><span style=\"font-size: 12pt; color: #3366ff; font-family: arial,helvetica,sans-serif;\"><span style=\"font-size: 12pt; color: #3366ff; font-family: arial,helvetica,sans-serif;\">&#8211; <span style=\"font-size: 12pt; color: #3366ff; font-family: arial,helvetica,sans-serif;\">Secretario : Prof. Omar Romulo Paz<\/span><\/span><\/span><\/p>\n<p style=\"text-align: center;\"><span style=\"font-size: 12pt; color: #3366ff; font-family: arial,helvetica,sans-serif;\"><span style=\"font-size: 12pt; color: #3366ff; font-family: arial,helvetica,sans-serif;\">&#8211; Auxiliar Adminsitrativo : Prof. Carlos Caniza <img alt=\"Personal de Administracion\" border=\"0\" \/><\/span><\/span><\/p>\n<p style=\"text-align: center;\"><span style=\"font-size: 12pt; color: #3366ff; font-family: arial,helvetica,sans-serif;\"><span style=\"font-size: 12pt; color: #3366ff; font-family: arial,helvetica,sans-serif;\">&#8211; Preceptora:\u00a0Prof. \u00a0Ramona Schulz ( Carrera del Prof. de Ingles ) <\/span><\/span><\/p>\n<p style=\"text-align: center;\"><span style=\"font-size: 12pt; color: #3366ff; font-family: arial,helvetica,sans-serif;\"><span style=\"font-size: 12pt; color: #3366ff; font-family: arial,helvetica,sans-serif;\">&#8211; Preceptora: Prof. \u00a0Betiana Casasola (Carrera Prof. Lengua ) <\/span><\/span><\/p>\n<p style=\"text-align: center;\"><span style=\"font-size: 12pt; color: #3366ff; font-family: arial,helvetica,sans-serif;\"><span style=\"font-size: 12pt; color: #3366ff; font-family: arial,helvetica,sans-serif;\">&#8211; Preceptora: Sra. Natalia Romero (Tecnicatura <\/span><\/span><\/p>\n<p style=\"text-align: center;\"><span style=\"font-size: 12pt; color: #3366ff; font-family: arial,helvetica,sans-serif;\">Bibliotecaria: Sra. Alejandra Salinas<\/span><\/p>\n<p style=\"text-align: center;\"><span style=\"font-size: 12pt; color: #3366ff; font-family: arial,helvetica,sans-serif;\">Ayudante adm. Alejandra Cazon<\/span><\/p>\n<p style=\"text-align: center;\">\n<p style=\"text-align: center;\"><span style=\"font-size: 12pt; color: #3366ff; font-family: arial,helvetica,sans-serif;\"><span style=\"font-size: 12pt; color: #3366ff; font-family: arial,helvetica,sans-serif;\"><span style=\"font-size: 12pt; color: #3366ff; font-family: arial,helvetica,sans-serif;\"><strong><span style=\"font-size: 12pt; color: #3366ff; font-family: arial,helvetica,sans-serif;\">Personal de maestranza\u00a0\u00a0<\/span><\/strong><\/span><\/span><\/span><\/p>\n<p style=\"text-align: center;\"><span style=\"font-size: 12pt; color: #3366ff; font-family: arial,helvetica,sans-serif;\"><span style=\"font-size: 12pt; color: #3366ff; font-family: arial,helvetica,sans-serif;\"><span style=\"font-size: 12pt; color: #3366ff; font-family: arial,helvetica,sans-serif;\"><span style=\"font-size: 12pt; color: #3366ff; font-family: arial,helvetica,sans-serif;\">&#8211;<\/span><\/span>&#8211; \u00a0Sr. Claudio Mansilla\u00a0&#8211; \u00a0Sra. Mirta Marquez\u00a0<\/span><\/span><\/p>\n<p style=\"text-align: center;\"><span style=\"font-size: 12pt; color: #3366ff; font-family: arial,helvetica,sans-serif;\"><span style=\"font-size: 12pt; color: #3366ff; font-family: arial,helvetica,sans-serif;\">Elida Segundo- Raul Baez<\/span><\/span><\/p>\n<p style=\"text-align: center;\"><span style=\"font-size: 12pt; color: #3366ff; font-family: arial,helvetica,sans-serif;\"><span style=\"font-size: 12pt; color: #3366ff; font-family: arial,helvetica,sans-serif;\">&#8211;<img alt=\"Personal de Maestranza\" border=\"0\" \/><\/span><\/span><\/p>\n<p style=\"text-align: center;\"><span style=\"font-size: 12pt; color: #3366ff; font-family: arial,helvetica,sans-serif;\"><strong><span style=\"font-size: 12pt; color: #3366ff; font-family: arial,helvetica,sans-serif;\">Cooperadora:<\/span><\/strong><\/span><span style=\"font-size: 12pt; color: #3366ff; font-family: arial,helvetica,sans-serif;\">\u00a0Ctdor. Daniel Garcia Ruiz<\/span><\/p>\n<p style=\"text-align: center;\"><span style=\"font-size: 12pt; color: #3366ff; font-family: arial,helvetica,sans-serif;\">RTI: Ing. Mauricio Parada Nallar<\/span><\/p>\n<p style=\"text-align: center;\"><span style=\"font-size: 12pt; color: #3366ff; font-family: arial,helvetica,sans-serif;\">Coord. Especialidad en Educacion y TICS : Tec. Ariel Tapia\u00a0<\/span><\/p>\n<p style=\"text-align: center;\"><span style=\"font-size: 12pt; color: #3366ff; font-family: arial,helvetica,sans-serif;\">\u00a0 \u00a0 \u00a0 \u00a0 \u00a0 \u00a0 \u00a0 \u00a0 \u00a0 \u00a0 \u00a0 \u00a0 \u00a0 \u00a0 \u00a0 \u00a0 \u00a0 \u00a0 \u00a0 \u00a0 \u00a0 \u00a0 \u00a0 \u00a0 \u00a0Prof. Katherine Carratala<\/span><\/p>\n<p style=\"text-align: center;\"><span style=\"font-size: 12pt; color: #3366ff; font-family: arial,helvetica,sans-serif;\">Coord. de Politicas Estudiantiles : Dr. Hernan Mascietti\u00a0<\/span><\/p>\n<p style=\"text-align: center;\"><span style=\"font-size: 12pt; color: #3366ff; font-family: arial,helvetica,sans-serif;\">\u00a0<\/span><\/p>\n<p style=\"text-align: center;\">\n<p style=\"text-align: center;\"><span style=\"font-size: 12pt; color: #3366ff; font-family: arial,helvetica,sans-serif;\"><span style=\"font-size: 12pt; color: #3366ff; font-family: arial,helvetica,sans-serif;\"><strong><span style=\"font-size: 12pt; color: #3366ff; font-family: arial,helvetica,sans-serif;\"><span style=\"font-size: 12pt; color: #3366ff; font-family: arial,helvetica,sans-serif;\"><span style=\"font-size: 12pt; color: #3366ff; font-family: arial,helvetica,sans-serif;\"><strong><span style=\"font-size: 12pt; color: #3366ff; font-family: arial,helvetica,sans-serif;\"><img decoding=\"async\" loading=\"lazy\" title=\"Facilitadores TICs\" src=\"https:\/\/ies6023-sal.infd.edu.ar\/sitio\/wp-content\/uploads\/2018\/08\/foto_de_las_tres__loutaif_640x480.jpg\" alt=\"Facilitadores TICs\" width=\"112\" height=\"142\" border=\"0\" \/><\/span><\/strong><\/span><\/span><\/span><\/strong><\/span><\/span><\/p>\n<p style=\"text-align: center;\"><span style=\"font-size: 12pt; color: #3366ff; font-family: arial,helvetica,sans-serif;\"><span style=\"font-size: 12pt; color: #3366ff; font-family: arial,helvetica,sans-serif;\"><strong><span style=\"font-size: 12pt; color: #3366ff; font-family: arial,helvetica,sans-serif;\">Facilitadores TICs<\/span><\/strong><\/span><\/span><\/p>\n<p style=\"text-align: center;\"><span style=\"font-size: 12pt; color: #3366ff; font-family: arial,helvetica,sans-serif;\"><span style=\"font-size: 12pt; color: #3366ff; font-family: arial,helvetica,sans-serif;\">\u00a0<\/span><\/span><\/p>\n<p style=\"text-align: center;\"><span style=\"font-size: 12pt; color: #3366ff; font-family: arial,helvetica,sans-serif;\"><span style=\"font-size: 12pt; color: #3366ff; font-family: arial,helvetica,sans-serif;\"><span style=\"font-size: 12pt; color: #3366ff; font-family: arial,helvetica,sans-serif;\"><span style=\"font-size: 12pt; color: #3366ff; font-family: arial,helvetica,sans-serif;\">&#8211;<\/span><\/span>&#8211;\u00a0\u00a0Prof. Graciela Adriana Lamas &#8211; Prof. Mar\u00eda Elvira Gimenez &#8211; Prof. Rosario Gimenez<\/span><\/span><\/p>\n","protected":false},"excerpt":{"rendered":"<p>\u00a0 Autoridades del Instituto Alfredo Loutaif Coordinadora Academica \u00a0a cargo de Rector\u00eda: Esp. Mar\u00eda Elvira Gim\u00e9nez Personal de Secretaria y Adminsitrativo &#8211; Secretario : Prof. Omar Romulo Paz &#8211; Auxiliar Adminsitrativo : Prof. Carlos Caniza &#8211; Preceptora:\u00a0Prof. \u00a0Ramona Schulz ( Carrera del Prof. de Ingles ) &#8211; Preceptora: Prof. \u00a0Betiana Casasola (Carrera Prof. Lengua ) &#8230; <a title=\"Autoridades\" class=\"read-more\" href=\"https:\/\/ies6023-sal.infd.edu.ar\/sitio\/autoridades\/\" aria-label=\"More on Autoridades\">[+]<\/a><\/p>\n","protected":false},"author":214,"featured_media":0,"parent":0,"menu_order":0,"comment_status":"closed","ping_status":"closed","template":"","meta":[],"acf":[],"_links":{"self":[{"href":"https:\/\/ies6023-sal.infd.edu.ar\/sitio\/wp-json\/wp\/v2\/pages\/804"}],"collection":[{"href":"https:\/\/ies6023-sal.infd.edu.ar\/sitio\/wp-json\/wp\/v2\/pages"}],"about":[{"href":"https:\/\/ies6023-sal.infd.edu.ar\/sitio\/wp-json\/wp\/v2\/types\/page"}],"author":[{"embeddable":true,"href":"https:\/\/ies6023-sal.infd.edu.ar\/sitio\/wp-json\/wp\/v2\/users\/214"}],"replies":[{"embeddable":true,"href":"https:\/\/ies6023-sal.infd.edu.ar\/sitio\/wp-json\/wp\/v2\/comments?post=804"}],"version-history":[{"count":4,"href":"https:\/\/ies6023-sal.infd.edu.ar\/sitio\/wp-json\/wp\/v2\/pages\/804\/revisions"}],"predecessor-version":[{"id":1329,"href":"https:\/\/ies6023-sal.infd.edu.ar\/sitio\/wp-json\/wp\/v2\/pages\/804\/revisions\/1329"}],"wp:attachment":[{"href":"https:\/\/ies6023-sal.infd.edu.ar\/sitio\/wp-json\/wp\/v2\/media?parent=804"}],"curies":[{"name":"wp","href":"https:\/\/api.w.org\/{rel}","templated":true}]}}