{"id":776,"date":"2018-08-31T14:03:09","date_gmt":"2018-08-31T17:03:09","guid":{"rendered":"https:\/\/ies6023-sal.infd.edu.ar\/sitio\/profesorado-de-ingles-para-el-3er-ciclo-de-la-educ-basica-y-educ-polimodal-resol-no-2437\/"},"modified":"2025-11-14T11:59:53","modified_gmt":"2025-11-14T14:59:53","slug":"tec-sup-analisis-de-sistemas","status":"publish","type":"page","link":"https:\/\/ies6023-sal.infd.edu.ar\/sitio\/tec-sup-analisis-de-sistemas\/","title":{"rendered":"Tecnicatura Superior en An\u00e1lisis de Sistemas y Desarrollo de Software"},"content":{"rendered":"<p><meta charset=\"UTF-8\"><br \/>\n<meta name=\"viewport\" content=\"width=device-width, initial-scale=1.0\"><br \/>\n<title>Tecnico en An\u00e1lisis de Sistemas y Desarrollo de Software<\/title><br \/>\n<!-- Carga de Tailwind CSS para un dise\u00f1o responsive y moderno --><br \/>\n<script src=\"https:\/\/cdn.tailwindcss.com\"><\/script><\/p>\n<style>\n        \/* Estilos personalizados para la tipograf\u00eda y colores *\/<br \/>\n        :root {<br \/>\n            --primary-color: #f59e0b; \/* Amber-500 (Tono para la carrera) *\/<br \/>\n            --secondary-color: #1f2937; \/* Gray-800, color de contraste *\/<br \/>\n            --bg-color: #f9fafb; \/* Gray-50 *\/<br \/>\n        }<br \/>\n        body {<br \/>\n            font-family: 'Inter', sans-serif;<br \/>\n            background-color: var(--bg-color);<br \/>\n            margin: 0;<br \/>\n            padding: 0;<br \/>\n            \/* padding-top: 130px; REMOVIDO *\/<br \/>\n        }<br \/>\n        \/* Ocultar las secciones de anclaje para que solo sirvan de destino *\/<br \/>\n        section {<br \/>\n            display: block;<br \/>\n            height: 0;<br \/>\n            \/* Se mantiene el ajuste para que el ancla se sit\u00fae correctamente debajo de la barra 'mi-boton' *\/<br \/>\n            margin-top: -64px;<br \/>\n            padding-top: 64px;<br \/>\n            visibility: hidden;<br \/>\n        }<br \/>\n        \/* Estilo para los encabezados del contenido principal *\/<br \/>\n        h2 {<br \/>\n            border-bottom: 2px solid var(--primary-color);<br \/>\n            padding-bottom: 0.5rem;<br \/>\n        }<\/p>\n<p>        \/* Estilos de hover para la barra de navegaci\u00f3n de la carrera *\/<br \/>\n        .mi-boton a:hover {<br \/>\n            color: #d97706; \/* Amber-600 hover color *\/<br \/>\n        }<br \/>\n    <\/style>\n<p><!-- ========================================================================= --><br \/>\n<!-- CONTENIDO DE LA CARRERA (Tecnicatura en Sistemas) --><br \/>\n<!-- El contenido comienza en la parte superior de la p\u00e1gina (sin mt-[130px]) --><br \/>\n<!-- ========================================================================= --><\/p>\n<div class=\"padre max-w-7xl mx-auto p-4 sm:p-6 lg:p-8\">\n<p>    <!-- Navegaci\u00f3n de la Carrera (Mi Bot\u00f3n) - Sticky, color AMBAR --><br \/>\n<!-- Se ajusta top-0 para que se pegue al borde superior de la ventana --><\/p>\n<nav class=\"mi-boton sticky top-0 bg-white shadow-xl z-20 p-3 rounded-xl flex flex-wrap justify-center gap-4 border-b-4 border-amber-500 mb-8\">\n        <a href=\"#Primer a\u00f1o\" class=\"text-gray-700 hover:text-amber-600 font-semibold transition duration-200\">Primer a\u00f1o<\/a><br \/>\n<a href=\"#Segundo a\u00f1o\" class=\"text-gray-700 hover:text-amber-600 font-semibold transition duration-200\">Segundo a\u00f1o<\/a><br \/>\n<a href=\"#Tercer a\u00f1o\" class=\"text-gray-700 hover:text-amber-600 font-semibold transition duration-200\">Tercer a\u00f1o<\/a><br \/>\n<\/nav>\n<h1 class=\"text-3xl sm:text-4xl font-extrabold text-gray-900 mt-4 mb-6 text-center\">\n        Tecnicatura Superior en An\u00e1lisis de Sistemas y Desarrollo de Software<\/h1>\n<p><!-- Informaci\u00f3n General y Perfil (Dise\u00f1o de dos columnas en escritorio) --><\/p>\n<div class=\"lg:flex lg:space-x-8 mt-8\">\n        <!-- Columna de Informaci\u00f3n General (Sidebar) --><\/p>\n<div class=\"info_derecha lg:w-1\/3 w-full mb-8 lg:mb-0 bg-white p-6 rounded-xl shadow-2xl border border-gray-100\">\n<table class=\"info_der w-full text-sm text-gray-600\">\n<caption>\n                    <!-- Placeholder para el logo con color AMBAR --><\/p>\n<div class=\"flex justify-center mb-4\">\n                        <img decoding=\"async\" src=\"https:\/\/saltaeducs.com\/wp-content\/uploads\/2022\/09\/logo-6023.jpg\" alt=\"Logo de la Instituci\u00f3n\" class=\"w-24 h-auto rounded-lg\"><\/div>\n<\/caption>\n<caption class=\"text-xl font-bold text-gray-800 mb-4\">\n<h2>Informaci\u00f3n General<\/h2>\n<\/caption>\n<tbody class=\"divide-y divide-gray-200\">\n<tr class=\"hover:bg-gray-50\">\n<td class=\"py-3 px-1 font-bold\">T\u00edtulo a Otorgar:<\/td>\n<td class=\"py-3 px-1\">T\u00e9cnico\/a Superior en An\u00e1lisis de Sistemas y Desarrollo de Software<\/td>\n<\/tr>\n<tr class=\"hover:bg-gray-50\">\n<td class=\"py-3 px-1 font-bold\">Duraci\u00f3n:<\/td>\n<td class=\"py-3 px-1\">3 a\u00f1os<\/td>\n<\/tr>\n<tr class=\"hover:bg-gray-50\">\n<td class=\"py-3 px-1 font-bold\">Carga Horaria:<\/td>\n<td class=\"py-3 px-1\">1994 Hs. C\u00e1tedra &#8211; 2592 Hs. Reloj<\/td>\n<\/tr>\n<tr class=\"hover:bg-gray-50\">\n<td class=\"py-3 px-1 font-bold\">Modalidad:<\/td>\n<td class=\"py-3 px-1\">Presencial<\/td>\n<\/tr>\n<tr class=\"hover:bg-gray-50\">\n<td class=\"py-3 px-1 font-bold\">Cursado:<\/td>\n<td class=\"py-3 px-1\">Turno Noche (Lunes a Viernes de 19 a 23 hrs)<\/td>\n<\/tr>\n<tr class=\"hover:bg-gray-50\">\n<td class=\"py-3 px-1 font-bold\">Resoluci\u00f3n:<\/td>\n<td class=\"py-3 px-1\">\n                            <!-- Color del enlace AMBAR --><br \/>\n<a class=\"text-amber-600 hover:text-amber-800 font-medium\" href=\"https:\/\/drive.google.com\/file\/d\/1W0vspS_NwuYblGJv54igKiQVTK-KYpe2\/view?usp=drive_link\" target=\"_blank\" rel=\"noopener\"><br \/>\nResoluci\u00f3n N\u00b0 013\/23<br \/>\n<\/a><\/td>\n<\/tr>\n<\/tbody>\n<\/table>\n<\/div>\n<p><!-- Columna de Alcance y Perfil (Main Content) --><\/p>\n<div class=\"info lg:w-2\/3 w-full space-y-8\">\n<fieldset class=\"border border-gray-300 p-6 rounded-xl shadow-md bg-white\">\n                <!-- Leyenda color AMBAR --><\/p>\n<legend class=\"px-2 text-lg font-bold text-amber-700\">Alcance de la Carrera<\/legend>\n<p class=\"text-gray-700 leading-relaxed\">\n                    La Tecnicatura Superior en An\u00e1lisis de Sistemas y Desarrollo de Software busca formar profesionales capaces de dar respuesta a la creciente y cambiante demanda de recursos humanos en la industria de la Tecnolog\u00eda de la Informaci\u00f3n y el desarrollo de software.<\/p>\n<\/fieldset>\n<fieldset class=\"border border-gray-300 p-6 rounded-xl shadow-md bg-white\">\n                <!-- Leyenda color AMBAR --><\/p>\n<legend class=\"px-2 text-lg font-bold text-amber-700\">Perfil del Egresado<\/legend>\n<p class=\"text-gray-700 leading-relaxed\">\n                    T\u00e9cnico capacitado para planificar, dise\u00f1ar, desarrollar y gestionar sistemas y artefactos de software de alta calidad, utilizando metodolog\u00edas y tecnolog\u00edas de vanguardia (web, m\u00f3vil, distribuidas) en equipos de trabajo o de forma aut\u00f3noma.<\/p>\n<\/fieldset>\n<\/div>\n<\/div>\n<p><!-- Fin de Informaci\u00f3n General y Perfil --><\/p>\n<h2 class=\"plan_estudio text-3xl font-bold text-gray-900 mt-12 mb-6 text-center\">\n        Plan de Estudio<\/h2>\n<p><!-- PRIMER A\u00d1O --><\/p>\n<section id=\"Primer a\u00f1o\" class=\"mt-8\"><\/section>\n<div class=\"overflow-x-auto shadow-xl rounded-xl\">\n<table class=\"materias w-full border-collapse table-auto text-sm text-left bg-white\">\n            <!-- T\u00edtulo de la tabla color AMBAR --><\/p>\n<caption class=\"text-xl font-bold p-4 bg-amber-500 text-white rounded-t-xl\">PRIMER A\u00d1O<\/caption>\n<thead>\n<tr class=\"bg-gray-100 uppercase text-xs font-semibold text-gray-600 tracking-wider\">\n<th class=\"p-3 border-r border-gray-200\" rowspan=\"2\">MATERIA<\/th>\n<th class=\"p-3 border-r border-gray-200\" rowspan=\"2\">TIPO DE UNIDAD<\/th>\n<th class=\"p-3 border-r border-gray-200\" rowspan=\"2\">R\u00c9GIMEN<\/th>\n<th class=\"p-3 text-center\" colspan=\"2\">CORRELATIVAS<\/th>\n<\/tr>\n<tr class=\"bg-gray-100 uppercase text-xs font-semibold text-gray-600 tracking-wider\">\n<th class=\"p-3 border-r border-gray-200\">REGULAR<\/th>\n<th class=\"p-3\">APROBADO<\/th>\n<\/tr>\n<\/thead>\n<tbody class=\"divide-y divide-gray-200 text-gray-700\">\n<tr>\n<td class=\"p-3\">1.01 &#8211; Habilidades Comunicacionales<\/td>\n<td class=\"p-3\">Taller<\/td>\n<td class=\"p-3\">2\u00b0 Cuatri.<\/td>\n<td class=\"p-3\">&#8212;<\/td>\n<td class=\"p-3\">&#8212;<\/td>\n<\/tr>\n<tr>\n<td class=\"p-3\">1.02 &#8211; Matem\u00e1tica<\/td>\n<td class=\"p-3\">Materia<\/td>\n<td class=\"p-3\">Anual<\/td>\n<td class=\"p-3\">&#8212;<\/td>\n<td class=\"p-3\">&#8212;<\/td>\n<\/tr>\n<tr>\n<td class=\"p-3\">1.03 &#8211; Ingles Tecnico<\/td>\n<td class=\"p-3\">Materia<\/td>\n<td class=\"p-3\">Anual<\/td>\n<td class=\"p-3\">&#8212;<\/td>\n<td class=\"p-3\">&#8212;<\/td>\n<\/tr>\n<tr>\n<td class=\"p-3\">1.04 &#8211; Innovacion y Desarollo Emprendedor<\/td>\n<td class=\"p-3\">Materia<\/td>\n<td class=\"p-3\">2\u00b0 Cuatri.<\/td>\n<td class=\"p-3\">&#8212;<\/td>\n<td class=\"p-3\">&#8212;<\/td>\n<\/tr>\n<tr>\n<td class=\"p-3\">1.05 &#8211; Psigologia de las Organizaciones<\/td>\n<td class=\"p-3\">Materia<\/td>\n<td class=\"p-3\">1\u00b0 Cuatri.<\/td>\n<td class=\"p-3\">&#8212;<\/td>\n<td class=\"p-3\">&#8212;<\/td>\n<\/tr>\n<tr>\n<td class=\"p-3\">1.06 &#8211; Sistemas Operativos<\/td>\n<td class=\"p-3\">Taller<\/td>\n<td class=\"p-3\">Anual<\/td>\n<td class=\"p-3\">&#8212;<\/td>\n<td class=\"p-3\">&#8212;<\/td>\n<\/tr>\n<tr>\n<td class=\"p-3\">1.07 &#8211; Fundamento de Programaci\u00f3n<\/td>\n<td class=\"p-3\">Materia<\/td>\n<td class=\"p-3\">1\u00b0 Cuatri.<\/td>\n<td class=\"p-3\">&#8212;<\/td>\n<td class=\"p-3\">&#8212;<\/td>\n<\/tr>\n<tr>\n<td class=\"p-3\">1.08 &#8211; Programacion I<\/td>\n<td class=\"p-3\">Materia<\/td>\n<td class=\"p-3\">2\u00b0 Cuatri.<\/td>\n<td class=\"p-3\">1.07<\/td>\n<td class=\"p-3\">1.07<\/td>\n<\/tr>\n<tr>\n<td class=\"p-3\">1.09 &#8211; Informatica General<\/td>\n<td class=\"p-3\">Materia<\/td>\n<td class=\"p-3\">1\u00b0 Cuatri.<\/td>\n<td class=\"p-3\">&#8212;<\/td>\n<td class=\"p-3\">&#8212;<\/td>\n<\/tr>\n<tr>\n<td class=\"p-3\">1.10 &#8211; Pr\u00e1cticas Profesionalizantes I: Operador b\u00e1sico de computadora<\/td>\n<td class=\"p-3\">Practica<\/td>\n<td class=\"p-3\">Anual<\/td>\n<td class=\"p-3\">&#8212;<\/td>\n<td class=\"p-3\">&#8212;<\/td>\n<\/tr>\n<\/tbody>\n<\/table>\n<\/div>\n<p><!-- SEGUNDO A\u00d1O --><\/p>\n<section id=\"Segundo a\u00f1o\" class=\"mt-12\"><\/section>\n<div class=\"overflow-x-auto shadow-xl rounded-xl\">\n<table class=\"materias w-full border-collapse table-auto text-sm text-left bg-white\">\n            <!-- T\u00edtulo de la tabla color AMBAR --><\/p>\n<caption class=\"text-xl font-bold p-4 bg-amber-500 text-white rounded-t-xl\">SEGUNDO A\u00d1O<\/caption>\n<thead>\n<tr class=\"bg-gray-100 uppercase text-xs font-semibold text-gray-600 tracking-wider\">\n<th class=\"p-3 border-r border-gray-200\" rowspan=\"2\">MATERIA<\/th>\n<th class=\"p-3 border-r border-gray-200\" rowspan=\"2\">TIPO DE UNIDAD<\/th>\n<th class=\"p-3 border-r border-gray-200\" rowspan=\"2\">R\u00c9GIMEN<\/th>\n<th class=\"p-3 text-center\" colspan=\"2\">CORRELATIVAS<\/th>\n<\/tr>\n<tr class=\"bg-gray-100 uppercase text-xs font-semibold text-gray-600 tracking-wider\">\n<th class=\"p-3 border-r border-gray-200\">REGULAR<\/th>\n<th class=\"p-3\">APROBADO<\/th>\n<\/tr>\n<\/thead>\n<tbody class=\"divide-y divide-gray-200 text-gray-700\">\n<tr>\n<td class=\"p-3\">2.11 &#8211; Etica y Responsabilidad Social<\/td>\n<td class=\"p-3\">Materia<\/td>\n<td class=\"p-3\">1\u00b0 Cuatri.<\/td>\n<td class=\"p-3\">&#8212;<\/td>\n<td class=\"p-3\">&#8212;<\/td>\n<\/tr>\n<tr>\n<td class=\"p-3\">2.12 &#8211; Electronica Analogica y Digital<\/td>\n<td class=\"p-3\">Laboratorio<\/td>\n<td class=\"p-3\">1\u00b0 Cuatri.<\/td>\n<td class=\"p-3\">&#8212;<\/td>\n<td class=\"p-3\">&#8212;<\/td>\n<\/tr>\n<tr>\n<td class=\"p-3\">2.13 &#8211; Estadistica<\/td>\n<td class=\"p-3\">Materia<\/td>\n<td class=\"p-3\">1\u00b0 Cuatri.<\/td>\n<td class=\"p-3\">1.02<\/td>\n<td class=\"p-3\">1.02<\/td>\n<\/tr>\n<tr>\n<td class=\"p-3\">2.14 &#8211; Programacion II<\/td>\n<td class=\"p-3\">Materia<\/td>\n<td class=\"p-3\">1\u00b0 Cuatri.<\/td>\n<td class=\"p-3\">1.07-1.08<\/td>\n<td class=\"p-3\">1.07-1.08<\/td>\n<\/tr>\n<tr>\n<td class=\"p-3\">2.15 &#8211; Redes Informaticas y Comunicacion<\/td>\n<td class=\"p-3\">Materia<\/td>\n<td class=\"p-3\">Anual<\/td>\n<td class=\"p-3\">1.09-1.10<\/td>\n<td class=\"p-3\">1.09-1.10<\/td>\n<\/tr>\n<tr>\n<td class=\"p-3\">2.16 &#8211; Base de Datos<\/td>\n<td class=\"p-3\">Materia<\/td>\n<td class=\"p-3\">Anual<\/td>\n<td class=\"p-3\">&#8212;<\/td>\n<td class=\"p-3\">&#8212;<\/td>\n<\/tr>\n<tr>\n<td class=\"p-3\">2.17 &#8211; Robotica y Automatizacion<\/td>\n<td class=\"p-3\">Laboratorio<\/td>\n<td class=\"p-3\">2\u00b0 Cuatri.<\/td>\n<td class=\"p-3\">2.12<\/td>\n<td class=\"p-3\">2.12<\/td>\n<\/tr>\n<tr>\n<td class=\"p-3\">2.18 &#8211; Ingenieria de Software I<\/td>\n<td class=\"p-3\">Materia<\/td>\n<td class=\"p-3\">2\u00b0 Cuatri.<\/td>\n<td class=\"p-3\">1.07-1.08<\/td>\n<td class=\"p-3\">1.07.1.08<\/td>\n<\/tr>\n<tr>\n<td class=\"p-3\">2.19 &#8211; Programacion Web<\/td>\n<td class=\"p-3\">Pr\u00e1ctica<\/td>\n<td class=\"p-3\">1\u00b0 Cuatri.<\/td>\n<td class=\"p-3\">1.08-1.10<\/td>\n<td class=\"p-3\">1.08-1.10<\/td>\n<\/tr>\n<tr>\n<td class=\"p-3\">2.20 &#8211; Pr\u00e1ctica Profecionalizante II: Programador Junior<\/td>\n<td class=\"p-3\">Pr\u00e1ctica<\/td>\n<td class=\"p-3\">Anual<\/td>\n<td class=\"p-3\">1.08-1.10<\/td>\n<td class=\"p-3\">1.08-1.10<\/td>\n<\/tr>\n<\/tbody>\n<\/table>\n<\/div>\n<p><!-- TERCER A\u00d1O --><\/p>\n<section id=\"Tercer a\u00f1o\" class=\"mt-12\"><\/section>\n<div class=\"overflow-x-auto shadow-xl rounded-xl\">\n<table class=\"materias w-full border-collapse table-auto text-sm text-left bg-white\">\n            <!-- T\u00edtulo de la tabla color AMBAR --><\/p>\n<caption class=\"text-xl font-bold p-4 bg-amber-500 text-white rounded-t-xl\">TERCER A\u00d1O<\/caption>\n<thead>\n<tr class=\"bg-gray-100 uppercase text-xs font-semibold text-gray-600 tracking-wider\">\n<th class=\"p-3 border-r border-gray-200\" rowspan=\"2\">MATERIA<\/th>\n<th class=\"p-3 border-r border-gray-200\" rowspan=\"2\">TIPO DE UNIDAD<\/th>\n<th class=\"p-3 border-r border-gray-200\" rowspan=\"2\">R\u00c9GIMEN<\/th>\n<th class=\"p-3 text-center\" colspan=\"2\">CORRELATIVAS<\/th>\n<\/tr>\n<tr class=\"bg-gray-100 uppercase text-xs font-semibold text-gray-600 tracking-wider\">\n<th class=\"p-3 border-r border-gray-200\">REGULAR<\/th>\n<th class=\"p-3\">APROBADO<\/th>\n<\/tr>\n<\/thead>\n<tbody class=\"divide-y divide-gray-200 text-gray-700\">\n<tr>\n<td class=\"p-3\">3.21 &#8211; Educacion Sexual Integral<\/td>\n<td class=\"p-3\">Seminario<\/td>\n<td class=\"p-3\">1\u00b0 Cuatri.<\/td>\n<td class=\"p-3\">&#8212;<\/td>\n<td class=\"p-3\">&#8212;<\/td>\n<\/tr>\n<tr>\n<td class=\"p-3\">3.22 &#8211; Formacion y Evaluacion de Proyectos de Software<\/td>\n<td class=\"p-3\">Materia<\/td>\n<td class=\"p-3\">2\u00b0 Cuatri.<\/td>\n<td class=\"p-3\">1.01 &#8211; 1.02 &#8211; 1.03 &#8211; 1.04 &#8211; 1.06 &#8211; 1.10 &#8211; 2.18<\/td>\n<td class=\"p-3\">1.01 &#8211; 1.02 &#8211; 1.03 &#8211; 1.04 &#8211; 1.06 &#8211; 1.10 &#8211; 2.18<\/td>\n<\/tr>\n<tr>\n<td class=\"p-3\">3.23 &#8211; Ingeneria de Software II<\/td>\n<td class=\"p-3\">Materia<\/td>\n<td class=\"p-3\">1\u00b0 Cuatri.<\/td>\n<td class=\"p-3\">1.02 &#8211; 1.03 &#8211; 1.06-1.09 &#8211; 2.18 &#8211; 2.19<\/td>\n<td class=\"p-3\">1.02 &#8211; 1.03 &#8211; 1.06-1.09 &#8211; 2.18 &#8211; 2.19<\/td>\n<\/tr>\n<tr>\n<td class=\"p-3\">3.24 &#8211; Modelado de Sofware<\/td>\n<td class=\"p-3\">Materia<\/td>\n<td class=\"p-3\">1\u00b0 Cuatri.<\/td>\n<td class=\"p-3\">1.03 &#8211; 1.06 &#8211; 2.18 -2.19<\/td>\n<td class=\"p-3\">1.03 &#8211; 1.06 &#8211; 2.18 -2.19<\/td>\n<\/tr>\n<tr>\n<td class=\"p-3\">3.25 &#8211; Programacion de Aplicaciones para Dispositivos Moviles<\/td>\n<td class=\"p-3\">Materia<\/td>\n<td class=\"p-3\">Anual<\/td>\n<td class=\"p-3\">2.15 &#8211; 2.16 &#8211; 2.17-2.18 &#8211; 2.19<\/td>\n<td class=\"p-3\">2.15 &#8211; 2.16 &#8211; 2.17-2.18 &#8211; 2.19<\/td>\n<\/tr>\n<tr>\n<td class=\"p-3\">3.26 &#8211; Programacion Orientada a Objetos<\/td>\n<td class=\"p-3\">Taller<\/td>\n<td class=\"p-3\">Anual<\/td>\n<td class=\"p-3\">1.04 &#8211; 1.05 &#8211; 2.12 &#8211; 2.13 &#8211; 2.14 \u2013 2.19<\/td>\n<td class=\"p-3\">1.04 &#8211; 1.05 &#8211; 2.12 &#8211; 2.13 &#8211; 2.14 \u2013 2.19<\/td>\n<\/tr>\n<tr>\n<td class=\"p-3\">3.27 &#8211; Desarrollo de Aplicaciones para Ambientes Distribuidos<\/td>\n<td class=\"p-3\">Materia<\/td>\n<td class=\"p-3\">2\u00b0 Cuatri.<\/td>\n<td class=\"p-3\">1.04 \u2013 1.05 \u2013 1.09 \u2013 2.14<\/td>\n<td class=\"p-3\">1.04 \u2013 1.05 \u2013 1.09 \u2013 2.14<\/td>\n<\/tr>\n<tr>\n<td class=\"p-3\">3.28 &#8211; Practica Prof. III: Analista y Desarrollo de Software<\/td>\n<td class=\"p-3\">Practica<\/td>\n<td class=\"p-3\">Anual<\/td>\n<td class=\"p-3\">2.12 &#8211; 2.14 \u2013 2.15 &#8211; 2.16 \u2013 2.20<\/td>\n<td class=\"p-3\">2.12 &#8211; 2.14 \u2013 2.15 &#8211; 2.16 \u2013 2.20<\/td>\n<\/tr>\n<\/tbody>\n<\/table>\n<\/div>\n<p><!-- Navegaci\u00f3n Inferior - Colores AMBAR --><\/p>\n<nav class=\"mi-boton mt-12 mb-8 p-3 rounded-xl flex flex-wrap justify-center gap-4 bg-gray-100 shadow-lg\">\n        <a href=\"https:\/\/ies6023-sal.infd.edu.ar\/sitio\" class=\"text-gray-700 hover:text-amber-600 font-semibold transition duration-200\">Volver al inicio<\/a><br \/>\n<a href=\"#top\" class=\"text-gray-700 hover:text-amber-600 font-semibold transition duration-200\">Volver hacia arriba<\/a><br \/>\n<\/nav>\n<\/div>\n","protected":false},"excerpt":{"rendered":"<p>Tecnico en An\u00e1lisis de Sistemas y Desarrollo de Software Primer a\u00f1o Segundo a\u00f1o Tercer a\u00f1o Tecnicatura Superior en An\u00e1lisis de Sistemas y Desarrollo de Software Informaci\u00f3n General T\u00edtulo a Otorgar: T\u00e9cnico\/a Superior en An\u00e1lisis de Sistemas y Desarrollo de Software Duraci\u00f3n: 3 a\u00f1os Carga Horaria: 1994 Hs. C\u00e1tedra &#8211; 2592 Hs. Reloj Modalidad: Presencial Cursado: &#8230; <a title=\"Tecnicatura Superior en An\u00e1lisis de Sistemas y Desarrollo de Software\" class=\"read-more\" href=\"https:\/\/ies6023-sal.infd.edu.ar\/sitio\/tec-sup-analisis-de-sistemas\/\" aria-label=\"More on Tecnicatura Superior en An\u00e1lisis de Sistemas y Desarrollo de Software\">[+]<\/a><\/p>\n","protected":false},"author":948,"featured_media":0,"parent":0,"menu_order":0,"comment_status":"closed","ping_status":"closed","template":"","meta":[],"acf":[],"_links":{"self":[{"href":"https:\/\/ies6023-sal.infd.edu.ar\/sitio\/wp-json\/wp\/v2\/pages\/776"}],"collection":[{"href":"https:\/\/ies6023-sal.infd.edu.ar\/sitio\/wp-json\/wp\/v2\/pages"}],"about":[{"href":"https:\/\/ies6023-sal.infd.edu.ar\/sitio\/wp-json\/wp\/v2\/types\/page"}],"author":[{"embeddable":true,"href":"https:\/\/ies6023-sal.infd.edu.ar\/sitio\/wp-json\/wp\/v2\/users\/948"}],"replies":[{"embeddable":true,"href":"https:\/\/ies6023-sal.infd.edu.ar\/sitio\/wp-json\/wp\/v2\/comments?post=776"}],"version-history":[{"count":33,"href":"https:\/\/ies6023-sal.infd.edu.ar\/sitio\/wp-json\/wp\/v2\/pages\/776\/revisions"}],"predecessor-version":[{"id":1361,"href":"https:\/\/ies6023-sal.infd.edu.ar\/sitio\/wp-json\/wp\/v2\/pages\/776\/revisions\/1361"}],"wp:attachment":[{"href":"https:\/\/ies6023-sal.infd.edu.ar\/sitio\/wp-json\/wp\/v2\/media?parent=776"}],"curies":[{"name":"wp","href":"https:\/\/api.w.org\/{rel}","templated":true}]}}