{"id":1250,"date":"2025-10-19T20:20:32","date_gmt":"2025-10-19T23:20:32","guid":{"rendered":"https:\/\/ies6023-sal.infd.edu.ar\/sitio\/?page_id=1250"},"modified":"2025-11-14T17:52:27","modified_gmt":"2025-11-14T20:52:27","slug":"profesorado-de-educacion-especial-con-orientacion-en-discapacidad-intelectual","status":"publish","type":"page","link":"https:\/\/ies6023-sal.infd.edu.ar\/sitio\/profesorado-de-educacion-especial-con-orientacion-en-discapacidad-intelectual\/","title":{"rendered":"Profesorado de Educaci\u00f3n Especial con Orientaci\u00f3n en Discapacidad Intelectual"},"content":{"rendered":"<p><meta charset=\"UTF-8\"><br \/>\n<meta name=\"viewport\" content=\"width=device-width, initial-scale=1.0\"><br \/>\n<title>Profesorado de Educaci\u00f3n Especial<\/title><br \/>\n<!-- Carga de Tailwind CSS para un dise\u00f1o responsive y moderno --><br \/>\n<script src=\"https:\/\/cdn.tailwindcss.com\"><\/script><\/p>\n<style>\n        \/* Estilos personalizados para la tipograf\u00eda y colores *\/<br \/>\n        :root {<br \/>\n            \/* Color primario: EMERALD-500 (Verde Esmeralda) para Educaci\u00f3n Especial *\/<br \/>\n            --primary-color: #10b981;<br \/>\n            --secondary-color: #059669; \/* Emerald-600, color de hover *\/<br \/>\n            --bg-color: #f9fafb; \/* Gray-50 *\/<br \/>\n        }<br \/>\n        body {<br \/>\n            font-family: 'Inter', sans-serif;<br \/>\n            background-color: var(--bg-color);<br \/>\n            margin: 0;<br \/>\n            padding: 0;<br \/>\n        }<br \/>\n        \/* Ocultar las secciones de anclaje para que solo sirvan de destino *\/<br \/>\n        section {<br \/>\n            display: block;<br \/>\n            height: 0;<br \/>\n            \/* Ajuste para que el ancla se sit\u00fae correctamente debajo de la barra 'mi-boton' *\/<br \/>\n            margin-top: -64px;<br \/>\n            padding-top: 64px;<br \/>\n            visibility: hidden;<br \/>\n        }<br \/>\n        \/* Estilo para los encabezados del contenido principal *\/<br \/>\n        h2 {<br \/>\n            border-bottom: 2px solid var(--primary-color);<br \/>\n            padding-bottom: 0.5rem;<br \/>\n        }<\/p>\n<p>        \/* Estilos de hover para la barra de navegaci\u00f3n de la carrera *\/<br \/>\n        .mi-boton a:hover {<br \/>\n            color: var(--secondary-color);<br \/>\n        }<\/p>\n<p>        \/* Estilo para las filas de materias con el color de la carrera (Emerald-50) *\/<br \/>\n        .fila-materia:nth-child(even) {<br \/>\n             background-color: #ecfdf5; \/* Emerald-50 (Muy claro) *\/<br \/>\n        }<br \/>\n        .fila-materia:nth-child(odd) {<br \/>\n             background-color: #ffffff;<br \/>\n        }<br \/>\n        \/* Estilos de color para Tailwind *\/<br \/>\n        .text-emerald-700 { color: #047857; }<br \/>\n        .border-emerald-500 { border-color: #10b981; }<br \/>\n        .bg-emerald-500 { background-color: #10b981; }<br \/>\n    <\/style>\n<p><!-- ========================================================================= --><br \/>\n<!-- CONTENIDO DE LA CARRERA (Profesorado de Educaci\u00f3n Especial) --><br \/>\n<!-- Se elimin\u00f3 el header principal fijo, dejando solo la barra de navegaci\u00f3n de la carrera en sticky top-0 --><br \/>\n<!-- ========================================================================= --><\/p>\n<div class=\"padre max-w-7xl mx-auto p-4 sm:p-6 lg:p-8\">\n<p>    <!-- Navegaci\u00f3n de la Carrera (Mi Bot\u00f3n) - Sticky, color ESMERALDA --><\/p>\n<nav class=\"mi-boton sticky top-0 bg-white shadow-xl z-20 p-3 rounded-xl flex flex-wrap justify-center gap-4 border-b-4 border-emerald-500 mb-8\">\n        <a href=\"#Primer a\u00f1o\" class=\"text-gray-700 hover:text-emerald-600 font-semibold transition duration-200\">Primer a\u00f1o<\/a><br \/>\n<a href=\"#Segundo a\u00f1o\" class=\"text-gray-700 hover:text-emerald-600 font-semibold transition duration-200\">Segundo a\u00f1o<\/a><br \/>\n<a href=\"#Tercer a\u00f1o\" class=\"text-gray-700 hover:text-emerald-600 font-semibold transition duration-200\">Tercer a\u00f1o<\/a><br \/>\n<a href=\"#Cuarto a\u00f1o\" class=\"text-gray-700 hover:text-emerald-600 font-semibold transition duration-200\">Cuarto a\u00f1o<\/a><br \/>\n<\/nav>\n<h1 class=\"text-3xl sm:text-4xl font-extrabold text-gray-900 mt-4 mb-6 text-center\">\n        Profesorado de Educaci\u00f3n Especial<\/h1>\n<p><!-- Informaci\u00f3n General y Perfil (Dise\u00f1o de dos columnas en escritorio) --><\/p>\n<div class=\"lg:flex lg:space-x-8 mt-8\">\n        <!-- Columna de Informaci\u00f3n General (Sidebar) --><\/p>\n<div class=\"info_derecha lg:w-1\/3 w-full mb-8 lg:mb-0 bg-white p-6 rounded-xl shadow-2xl border border-gray-100\">\n<table class=\"info_der w-full text-sm text-gray-600\">\n<caption>\n                    <!-- Placeholder para el logo con color ESMERALDA --><\/p>\n<div class=\"flex justify-center mb-4\">\n                         <img decoding=\"async\" src=\"https:\/\/saltaeducs.com\/wp-content\/uploads\/2022\/09\/logo-6023.jpg\" alt=\"Logo de la Instituci\u00f3n\" class=\"w-24 h-auto rounded-lg\"><\/div>\n<\/caption>\n<caption class=\"text-xl font-bold text-gray-800 mb-4\">\n<h2>Informaci\u00f3n General<\/h2>\n<\/caption>\n<tbody class=\"divide-y divide-gray-200\">\n<tr class=\"hover:bg-gray-50\">\n<td class=\"py-3 px-1 font-bold\">T\u00edtulo a Otorgar:<\/td>\n<td class=\"py-3 px-1\">Profesor\/a de Educaci\u00f3n Especial con<br \/>\nOrientaci\u00f3n en Discapacidad Intelectual.<\/td>\n<\/tr>\n<tr class=\"hover:bg-gray-50\">\n<td class=\"py-3 px-1 font-bold\">Duraci\u00f3n:<\/td>\n<td class=\"py-3 px-1\">4 a\u00f1os<\/td>\n<\/tr>\n<tr class=\"hover:bg-gray-50\">\n<td class=\"py-3 px-1 font-bold\">Carga Horaria:<\/td>\n<td class=\"py-3 px-1\">3704 Hs. c\u00e1tedra &#8211; 2808 Hs. reloj<\/td>\n<\/tr>\n<tr class=\"hover:bg-gray-50\">\n<td class=\"py-3 px-1 font-bold\">Modalidad:<\/td>\n<td class=\"py-3 px-1\">Presencial<\/td>\n<\/tr>\n<tr class=\"hover:bg-gray-50\">\n<td class=\"py-3 px-1 font-bold\">Cursado:<\/td>\n<td class=\"py-3 px-1\">Turno tarde (de lunes a viernes &#8211; de 19:10 a 23:10 Hs.)<\/td>\n<\/tr>\n<tr class=\"hover:bg-gray-50\">\n<td class=\"py-3 px-1 font-bold\">Resoluci\u00f3n:<\/td>\n<td class=\"py-3 px-1\">\n                            <a class=\"text-emerald-600 hover:text-emerald-800 font-medium\" href=\"https:\/\/dges-sal.infd.edu.ar\/aula\/archivos\/repositorio\/500\/731\/Res._4273-19_Profesorado_de_Educacion_Especial_con_Orientacient.pdf\" target=\"_blank\" rel=\"noopener\"><br \/>\nResoluci\u00f3n 4273\/19<br \/>\n<\/a><\/td>\n<\/tr>\n<\/tbody>\n<\/table>\n<\/div>\n<p><!-- Columna de Alcance y Perfil (Main Content) --><\/p>\n<div class=\"info lg:w-2\/3 w-full space-y-8\">\n<fieldset class=\"border border-gray-300 p-6 rounded-xl shadow-md bg-white\">\n                <!-- Leyenda color ESMERALDA --><\/p>\n<legend class=\"px-2 text-lg font-bold text-emerald-700\">Alcance de la Carrera<\/legend>\n<p class=\"text-gray-700 leading-relaxed\">\n                    Esta formaci\u00f3n le permite desarrollar un trabajo colaborativo con intervenci\u00f3n en los<br \/>\ndistintos niveles de educaci\u00f3n p\u00fablicas o privadas. Como apoyo a procesos educativos de estudiantes con discapacidades, capaces de<br \/>\ndise\u00f1ar e implementar planes adecuados a las necesidades individuales. Desarrollar<br \/>\nhabilidades para trabajar en equipo con docentes, la familia y otros profesionales.<\/p>\n<\/fieldset>\n<fieldset class=\"border border-gray-300 p-6 rounded-xl shadow-md bg-white\">\n                <!-- Leyenda color ESMERALDA --><\/p>\n<legend class=\"px-2 text-lg font-bold text-emerald-700\">Perfil del Egresado<\/legend>\n<p class=\"text-gray-700 leading-relaxed\">\n                    El Profesorado de Educaci\u00f3n Especial con Orientaci\u00f3n en Discapacidad Intelectual<br \/>\ntiene por objetivo formar profesionales con capacidad para planificar, implementar y<br \/>\nevaluar estrategias pedag\u00f3gicas en diferentes contextos educativos asegurando las<br \/>\ntrayectorias educativas del estudiante con Discapacidad.<\/p>\n<ul class=\"list-disc list-inside space-y-2 text-gray-700 mt-4\">\n<li>Tener conocimiento profundo en el desarrollo de habilidades de los estudiantes con<br \/>\ndiscapacidad intelectual.<\/li>\n<li>Formaci\u00f3n en el trabajo con equipos interdisciplinarios para la inclusi\u00f3n educativa.<\/li>\n<li>Proporcionar los marcos y las herramientas conceptuales necesarias para<br \/>\nabordar las problem\u00e1ticas contempor\u00e1neas que se presentan en el campo de la<br \/>\nEducaci\u00f3n Especial y caracterizar los contextos m\u00e1s espec\u00edficos de actuaci\u00f3n<br \/>\nprofesional.<\/li>\n<li>Proveer de conocimientos que permitan comprender el sujeto y sus diversas<br \/>\nmodalidades de comunicaci\u00f3n y de aprendizajes.<\/li>\n<li>Brindar herramientas que le permitan intervenir pedag\u00f3gicamente con fines de<br \/>\nense\u00f1anza, y realizar asesoramiento en diferentes \u00e1mbitos, en el marco de<br \/>\nprocesos de integraci\u00f3n pedag\u00f3gica, laboral y social.<\/li>\n<li>Acompa\u00f1ar al sujeto de la Educaci\u00f3n Especial con una visi\u00f3n integral<br \/>\nreconociendo sus posibilidades de v\u00ednculo e interacci\u00f3n con otros.<\/li>\n<li>Construir &nbsp;un marco interpretativo sobre el campo de la Educaci\u00f3n Especial<br \/>\ny los distintos paradigmas, con sus consecuentes derivaciones sociales,<br \/>\nculturales, institucionales y metodol\u00f3gicas, profundizando en el conocimiento y<br \/>\nla comprensi\u00f3n de las principales problem\u00e1ticas que caracterizan los contextos<br \/>\nespec\u00edficos de actuaci\u00f3n profesional.<\/li>\n<\/ul>\n<\/fieldset>\n<\/div>\n<\/div>\n<p><!-- Fin de Informaci\u00f3n General y Perfil --><\/p>\n<h2 class=\"plan_estudio text-3xl font-bold text-gray-900 mt-12 mb-6 text-center\">\n        Plan de Estudio<\/h2>\n<p><!-- PRIMER A\u00d1O --><\/p>\n<section id=\"Primer a\u00f1o\"><\/section>\n<div class=\"overflow-x-auto shadow-xl rounded-xl mt-8\">\n<table class=\"materias w-full border-collapse table-auto text-sm text-left bg-white\">\n            <!-- T\u00edtulo de la tabla color ESMERALDA --><\/p>\n<caption class=\"text-xl font-bold p-4 bg-emerald-500 text-white rounded-t-xl\">PRIMER A\u00d1O<\/caption>\n<thead>\n<tr class=\"bg-gray-100 uppercase text-xs font-semibold text-gray-600 tracking-wider\">\n<th class=\"p-3 border-r border-gray-200\" rowspan=\"2\">C\u00d3D.<\/th>\n<th class=\"p-3 border-r border-gray-200\" rowspan=\"2\">UNIDAD CURRICULAR<\/th>\n<th class=\"p-3 border-r border-gray-200\" rowspan=\"2\">R\u00c9GIMEN<\/th>\n<th class=\"p-3 text-center\" colspan=\"2\">CORRELATIVAS<\/th>\n<\/tr>\n<tr class=\"bg-gray-100 uppercase text-xs font-semibold text-gray-600 tracking-wider\">\n<th class=\"p-3 border-r border-gray-200\">REGULAR<\/th>\n<th class=\"p-3\">APROBADO<\/th>\n<\/tr>\n<\/thead>\n<tbody class=\"divide-y divide-gray-200 text-gray-700\">\n<tr class=\"fila-materia\">\n<td class=\"p-3\">1.01<\/td>\n<td class=\"p-3\">Psicolog\u00eda Educacional<\/td>\n<td class=\"p-3\">2\u00b0 Cuatri.<\/td>\n<td class=\"p-3\">&#8212;<\/td>\n<td class=\"p-3\">&#8212;<\/td>\n<\/tr>\n<tr class=\"fila-materia\">\n<td class=\"p-3\">1.02<\/td>\n<td class=\"p-3\">Lectura y Escritura Acad\u00e9mica (Taller)<\/td>\n<td class=\"p-3\">Anual<\/td>\n<td class=\"p-3\">&#8212;<\/td>\n<td class=\"p-3\">&#8212;<\/td>\n<\/tr>\n<tr class=\"fila-materia\">\n<td class=\"p-3\">1.03<\/td>\n<td class=\"p-3\">Did\u00e1ctica General<\/td>\n<td class=\"p-3\">Anual<\/td>\n<td class=\"p-3\">&#8212;<\/td>\n<td class=\"p-3\">&#8212;<\/td>\n<\/tr>\n<tr class=\"fila-materia\">\n<td class=\"p-3\">1.04<\/td>\n<td class=\"p-3\">Historia Argentina y Latinoamericana<\/td>\n<td class=\"p-3\">1\u00b0 Cuatri.<\/td>\n<td class=\"p-3\">&#8212;<\/td>\n<td class=\"p-3\">&#8212;<\/td>\n<\/tr>\n<tr class=\"fila-materia\">\n<td class=\"p-3\">1.05<\/td>\n<td class=\"p-3\">Educaci\u00f3n Especial: Perspectivas y Estado Actual<\/td>\n<td class=\"p-3\">Anual<\/td>\n<td class=\"p-3\">&#8212;<\/td>\n<td class=\"p-3\">&#8212;<\/td>\n<\/tr>\n<tr class=\"fila-materia\">\n<td class=\"p-3\">1.06<\/td>\n<td class=\"p-3\">Bases Neuropsicobiol\u00f3gicas del Desarrollo<\/td>\n<td class=\"p-3\">Anual<\/td>\n<td class=\"p-3\">&#8212;<\/td>\n<td class=\"p-3\">&#8212;<\/td>\n<\/tr>\n<tr class=\"fila-materia\">\n<td class=\"p-3\">1.07<\/td>\n<td class=\"p-3\">Sujeto de la Educaci\u00f3n Especial<\/td>\n<td class=\"p-3\">Anual<\/td>\n<td class=\"p-3\">&#8212;<\/td>\n<td class=\"p-3\">&#8212;<\/td>\n<\/tr>\n<tr class=\"fila-materia\">\n<td class=\"p-3\">1.08<\/td>\n<td class=\"p-3\">Comunicaci\u00f3n y Lenguaje<\/td>\n<td class=\"p-3\">1\u00b0 Cuatri.<\/td>\n<td class=\"p-3\">&#8212;<\/td>\n<td class=\"p-3\">&#8212;<\/td>\n<\/tr>\n<tr class=\"fila-materia\">\n<td class=\"p-3\">1.09<\/td>\n<td class=\"p-3\">Expresi\u00f3n Dram\u00e1tica y Comunicaci\u00f3n (Taller)<\/td>\n<td class=\"p-3\">Anual<\/td>\n<td class=\"p-3\">&#8212;<\/td>\n<td class=\"p-3\">&#8212;<\/td>\n<\/tr>\n<tr class=\"fila-materia\">\n<td class=\"p-3\">1.10<\/td>\n<td class=\"p-3\">Pr\u00e1ctica Docente I: Contexto, Comunidad y Escuela (Pr\u00e1ctica)<\/td>\n<td class=\"p-3\">Anual<\/td>\n<td class=\"p-3\">&#8212;<\/td>\n<td class=\"p-3\">&#8212;<\/td>\n<\/tr>\n<\/tbody>\n<\/table>\n<\/div>\n<p><!-- SEGUNDO A\u00d1O --><\/p>\n<section id=\"Segundo a\u00f1o\"><\/section>\n<div class=\"overflow-x-auto shadow-xl rounded-xl mt-8\">\n<table class=\"materias w-full border-collapse table-auto text-sm text-left bg-white\">\n            <!-- T\u00edtulo de la tabla color ESMERALDA --><\/p>\n<caption class=\"text-xl font-bold p-4 bg-emerald-500 text-white rounded-t-xl\">SEGUNDO A\u00d1O<\/caption>\n<thead>\n<tr class=\"bg-gray-100 uppercase text-xs font-semibold text-gray-600 tracking-wider\">\n<th class=\"p-3 border-r border-gray-200\" rowspan=\"2\">C\u00d3D.<\/th>\n<th class=\"p-3 border-r border-gray-200\" rowspan=\"2\">UNIDAD CURRICULAR<\/th>\n<th class=\"p-3 border-r border-gray-200\" rowspan=\"2\">R\u00c9GIMEN<\/th>\n<th class=\"p-3 text-center\" colspan=\"2\">CORRELATIVAS<\/th>\n<\/tr>\n<tr class=\"bg-gray-100 uppercase text-xs font-semibold text-gray-600 tracking-wider\">\n<th class=\"p-3 border-r border-gray-200\">REGULAR<\/th>\n<th class=\"p-3\">APROBADO<\/th>\n<\/tr>\n<\/thead>\n<tbody class=\"divide-y divide-gray-200 text-gray-700\">\n                <!-- Correlativas tomadas de la Resoluci\u00f3n 4273\/19 --><\/p>\n<tr class=\"fila-materia\">\n<td class=\"p-3\">2.11<\/td>\n<td class=\"p-3\">Pedagog\u00eda<\/td>\n<td class=\"p-3\">1\u00b0 Cuatri.<\/td>\n<td class=\"p-3\">&#8212;<\/td>\n<td class=\"p-3\">&#8212;<\/td>\n<\/tr>\n<tr class=\"fila-materia\">\n<td class=\"p-3\">2.12<\/td>\n<td class=\"p-3\">Tecnolog\u00edas de la Informaci\u00f3n y de la Comunicaci\u00f3n (Taller)<\/td>\n<td class=\"p-3\">1\u00b0 Cuatri.<\/td>\n<td class=\"p-3\">&#8212;<\/td>\n<td class=\"p-3\">&#8212;<\/td>\n<\/tr>\n<tr class=\"fila-materia\">\n<td class=\"p-3\">2.13<\/td>\n<td class=\"p-3\">Historia y Pol\u00edtica de la Educaci\u00f3n Argentina<\/td>\n<td class=\"p-3\">2\u00b0 Cuatri.<\/td>\n<td class=\"p-3\">1.04<\/td>\n<td class=\"p-3\">1.04<\/td>\n<\/tr>\n<tr class=\"fila-materia\">\n<td class=\"p-3\">2.14<\/td>\n<td class=\"p-3\">Lengua y Literatura y su Did\u00e1ctica<\/td>\n<td class=\"p-3\">Anual<\/td>\n<td class=\"p-3\">1.02 &#8211; 1.08<\/td>\n<td class=\"p-3\">1.02 &#8211; 1.08<\/td>\n<\/tr>\n<tr class=\"fila-materia\">\n<td class=\"p-3\">2.15<\/td>\n<td class=\"p-3\">Matem\u00e1tica y su Did\u00e1ctica<\/td>\n<td class=\"p-3\">Anual<\/td>\n<td class=\"p-3\">1.02<\/td>\n<td class=\"p-3\">1.02<\/td>\n<\/tr>\n<tr class=\"fila-materia\">\n<td class=\"p-3\">2.16<\/td>\n<td class=\"p-3\">Abordaje Pedag\u00f3gico en Sujetos con Discapacidad Intelectual I<\/td>\n<td class=\"p-3\">Anual<\/td>\n<td class=\"p-3\">1.01 &#8211; 1.05 &#8211; 1.06 &#8211; 1.07<\/td>\n<td class=\"p-3\">1.01 &#8211; 1.05 &#8211; 1.06 &#8211; 1.07<\/td>\n<\/tr>\n<tr class=\"fila-materia\">\n<td class=\"p-3\">2.17<\/td>\n<td class=\"p-3\">Educaci\u00f3n Art\u00edstica y su Did\u00e1ctica: Lenguaje Pl\u00e1stico Visual (Taller)<\/td>\n<td class=\"p-3\">2\u00b0 Cuatri.<\/td>\n<td class=\"p-3\">1.09<\/td>\n<td class=\"p-3\">1.09<\/td>\n<\/tr>\n<tr class=\"fila-materia\">\n<td class=\"p-3\">2.18<\/td>\n<td class=\"p-3\">Pr\u00e1ctica Docente II: Gesti\u00f3n Institucional, Curr\u00edculum y Ense\u00f1anza (Pr\u00e1ctica)<\/td>\n<td class=\"p-3\">Anual<\/td>\n<td class=\"p-3\">1.03 &#8211; 1.10<\/td>\n<td class=\"p-3\">1.03 &#8211; 1.10<\/td>\n<\/tr>\n<\/tbody>\n<\/table>\n<\/div>\n<p><!-- TERCER A\u00d1O --><\/p>\n<section id=\"Tercer a\u00f1o\"><\/section>\n<div class=\"overflow-x-auto shadow-xl rounded-xl mt-8\">\n<table class=\"materias w-full border-collapse table-auto text-sm text-left bg-white\">\n            <!-- T\u00edtulo de la tabla color ESMERALDA --><\/p>\n<caption class=\"text-xl font-bold p-4 bg-emerald-500 text-white rounded-t-xl\">TERCER A\u00d1O<\/caption>\n<thead>\n<tr class=\"bg-gray-100 uppercase text-xs font-semibold text-gray-600 tracking-wider\">\n<th class=\"p-3 border-r border-gray-200\" rowspan=\"2\">C\u00d3D.<\/th>\n<th class=\"p-3 border-r border-gray-200\" rowspan=\"2\">UNIDAD CURRICULAR<\/th>\n<th class=\"p-3 border-r border-gray-200\" rowspan=\"2\">R\u00c9GIMEN<\/th>\n<th class=\"p-3 text-center\" colspan=\"2\">CORRELATIVAS<\/th>\n<\/tr>\n<tr class=\"bg-gray-100 uppercase text-xs font-semibold text-gray-600 tracking-wider\">\n<th class=\"p-3 border-r border-gray-200\">REGULAR<\/th>\n<th class=\"p-3\">APROBADO<\/th>\n<\/tr>\n<\/thead>\n<tbody class=\"divide-y divide-gray-200 text-gray-700\">\n                <!-- Correlativas tomadas de la Resoluci\u00f3n 4273\/19 --><\/p>\n<tr class=\"fila-materia\">\n<td class=\"p-3\">3.19<\/td>\n<td class=\"p-3\">Sociolog\u00eda de la Educaci\u00f3n<\/td>\n<td class=\"p-3\">1\u00b0 Cuatri.<\/td>\n<td class=\"p-3\">2.11<\/td>\n<td class=\"p-3\">2.11<\/td>\n<\/tr>\n<tr class=\"fila-materia\">\n<td class=\"p-3\">3.20<\/td>\n<td class=\"p-3\">Educaci\u00f3n Sexual Integral (Seminario)<\/td>\n<td class=\"p-3\">Anual<\/td>\n<td class=\"p-3\">1.01 &#8211; 1.07<\/td>\n<td class=\"p-3\">1.01 &#8211; 1.07<\/td>\n<\/tr>\n<tr class=\"fila-materia\">\n<td class=\"p-3\">3.21<\/td>\n<td class=\"p-3\">Ciencias Naturales y su Did\u00e1ctica<\/td>\n<td class=\"p-3\">Anual<\/td>\n<td class=\"p-3\">2.15<\/td>\n<td class=\"p-3\">2.15<\/td>\n<\/tr>\n<tr class=\"fila-materia\">\n<td class=\"p-3\">3.22<\/td>\n<td class=\"p-3\">Ciencias Sociales y su Did\u00e1ctica<\/td>\n<td class=\"p-3\">Anual<\/td>\n<td class=\"p-3\">2.13<\/td>\n<td class=\"p-3\">2.13<\/td>\n<\/tr>\n<tr class=\"fila-materia\">\n<td class=\"p-3\">3.23<\/td>\n<td class=\"p-3\">Abordaje Pedag\u00f3gico en Sujetos con Discapacidad Intelectual II<\/td>\n<td class=\"p-3\">Anual<\/td>\n<td class=\"p-3\">2.16 &#8211; 2.18<\/td>\n<td class=\"p-3\">2.16 &#8211; 2.18<\/td>\n<\/tr>\n<tr class=\"fila-materia\">\n<td class=\"p-3\">3.24<\/td>\n<td class=\"p-3\">Inclusi\u00f3n Educativa<\/td>\n<td class=\"p-3\">Anual<\/td>\n<td class=\"p-3\">2.11 &#8211; 2.13<\/td>\n<td class=\"p-3\">2.11 &#8211; 2.13<\/td>\n<\/tr>\n<tr class=\"fila-materia\">\n<td class=\"p-3\">3.25<\/td>\n<td class=\"p-3\">Educaci\u00f3n temprana<\/td>\n<td class=\"p-3\">2\u00b0 Cuatri.<\/td>\n<td class=\"p-3\">1.01 &#8211; 1.06 &#8211; 1.07<\/td>\n<td class=\"p-3\">1.01 &#8211; 1.06 &#8211; 1.07<\/td>\n<\/tr>\n<tr class=\"fila-materia\">\n<td class=\"p-3\">3.26<\/td>\n<td class=\"p-3\">Alfabetizaci\u00f3n Inicial<\/td>\n<td class=\"p-3\">Anual<\/td>\n<td class=\"p-3\">2.14<\/td>\n<td class=\"p-3\">2.14<\/td>\n<\/tr>\n<tr class=\"fila-materia\">\n<td class=\"p-3\">3.27<\/td>\n<td class=\"p-3\">Pr\u00e1ctica Docente III: Pr\u00e1ctica de la Ense\u00f1anza (Pr\u00e1ctica)<\/td>\n<td class=\"p-3\">Anual<\/td>\n<td class=\"p-3\">2.14 &#8211; 2.15 &#8211; 2.16 &#8211; 2.18<\/td>\n<td class=\"p-3\">2.14 &#8211; 2.15 &#8211; 2.16 &#8211; 2.18<\/td>\n<\/tr>\n<\/tbody>\n<\/table>\n<\/div>\n<p><!-- CUARTO A\u00d1O --><\/p>\n<section id=\"Cuarto a\u00f1o\"><\/section>\n<div class=\"overflow-x-auto shadow-xl rounded-xl mt-8\">\n<table class=\"materias w-full border-collapse table-auto text-sm text-left bg-white\">\n            <!-- T\u00edtulo de la tabla color ESMERALDA --><\/p>\n<caption class=\"text-xl font-bold p-4 bg-emerald-500 text-white rounded-t-xl\">CUARTO A\u00d1O<\/caption>\n<thead>\n<tr class=\"bg-gray-100 uppercase text-xs font-semibold text-gray-600 tracking-wider\">\n<th class=\"p-3 border-r border-gray-200\" rowspan=\"2\">C\u00d3D.<\/th>\n<th class=\"p-3 border-r border-gray-200\" rowspan=\"2\">UNIDAD CURRICULAR<\/th>\n<th class=\"p-3 border-r border-gray-200\" rowspan=\"2\">R\u00c9GIMEN<\/th>\n<th class=\"p-3 text-center\" colspan=\"2\">CORRELATIVAS<\/th>\n<\/tr>\n<tr class=\"bg-gray-100 uppercase text-xs font-semibold text-gray-600 tracking-wider\">\n<th class=\"p-3 border-r border-gray-200\">REGULAR<\/th>\n<th class=\"p-3\">APROBADO<\/th>\n<\/tr>\n<\/thead>\n<tbody class=\"divide-y divide-gray-200 text-gray-700\">\n                <!-- Correlativas tomadas de la Resoluci\u00f3n 4273\/19 --><\/p>\n<tr class=\"fila-materia\">\n<td class=\"p-3\">4.28<\/td>\n<td class=\"p-3\">Filosof\u00eda<\/td>\n<td class=\"p-3\">1\u00b0 Cuatri.<\/td>\n<td class=\"p-3\">3.19 &#8211; 3.22<\/td>\n<td class=\"p-3\">3.19 &#8211; 3.22<\/td>\n<\/tr>\n<tr class=\"fila-materia\">\n<td class=\"p-3\">4.29<\/td>\n<td class=\"p-3\">\u00c9tica y Deontolog\u00eda de la Profesi\u00f3n Docente (Seminario)<\/td>\n<td class=\"p-3\">2\u00b0 Cuatri.<\/td>\n<td class=\"p-3\">3.19 &#8211; 3.22 &#8211; 3.24<\/td>\n<td class=\"p-3\">3.19 &#8211; 3.22 &#8211; 3.24<\/td>\n<\/tr>\n<tr class=\"fila-materia\">\n<td class=\"p-3\">4.30<\/td>\n<td class=\"p-3\">Educaci\u00f3n Art\u00edstica y su Did\u00e1ctica: Lenguaje Musical (Taller)<\/td>\n<td class=\"p-3\">1\u00b0 Cuatri.<\/td>\n<td class=\"p-3\">1.09 &#8211; 2.17<\/td>\n<td class=\"p-3\">1.09 &#8211; 2.17<\/td>\n<\/tr>\n<tr class=\"fila-materia\">\n<td class=\"p-3\">4.31<\/td>\n<td class=\"p-3\">Taller Rotativos de Educaci\u00f3n Art\u00edstica y su Did\u00e1ctica: Lenguaje Corporal y Teatro (Taller)<\/td>\n<td class=\"p-3\">Anual<\/td>\n<td class=\"p-3\">4.30<\/td>\n<td class=\"p-3\">4.30<\/td>\n<\/tr>\n<tr class=\"fila-materia\">\n<td class=\"p-3\">4.32<\/td>\n<td class=\"p-3\">Inclusi\u00f3n Educativa<\/td>\n<td class=\"p-3\">Anual<\/td>\n<td class=\"p-3\">3.24 &#8211; 3.27<\/td>\n<td class=\"p-3\">3.24 &#8211; 3.27<\/td>\n<\/tr>\n<tr class=\"fila-materia\">\n<td class=\"p-3\">4.33<\/td>\n<td class=\"p-3\">Tecnolog\u00eda Educativa Inclusiva<\/td>\n<td class=\"p-3\">1\u00b0 Cuatri.<\/td>\n<td class=\"p-3\">2.12 &#8211; 3.23<\/td>\n<td class=\"p-3\">2.12 &#8211; 3.23<\/td>\n<\/tr>\n<tr class=\"fila-materia\">\n<td class=\"p-3\">4.34<\/td>\n<td class=\"p-3\">Trayectorias Educativas en Adolescentes y J\u00f3venes con Discapacidad (Seminario)<\/td>\n<td class=\"p-3\">1\u00b0 Cuatri.<\/td>\n<td class=\"p-3\">3.23 &#8211; 3.24<\/td>\n<td class=\"p-3\">3.23 &#8211; 3.24<\/td>\n<\/tr>\n<tr class=\"fila-materia\">\n<td class=\"p-3\">4.35<\/td>\n<td class=\"p-3\">EDI<\/td>\n<td class=\"p-3\">2\u00b0 Cuatri.<\/td>\n<td class=\"p-3\">2.13 &#8211; 3.22<\/td>\n<td class=\"p-3\">2.13 &#8211; 3.22<\/td>\n<\/tr>\n<tr class=\"fila-materia\">\n<td class=\"p-3\">4.36<\/td>\n<td class=\"p-3\">Pr\u00e1ctica Docente IV: Residencia (Residencia)<\/td>\n<td class=\"p-3\">Anual<\/td>\n<td class=\"p-3\">3.23 &#8211; 3.26 &#8211; 3.27<\/td>\n<td class=\"p-3\">3.23 &#8211; 3.26 &#8211; 3.27<\/td>\n<\/tr>\n<\/tbody>\n<\/table>\n<\/div>\n<p><!-- Navegaci\u00f3n Inferior - Colores ESMERALDA --><\/p>\n<nav class=\"mi-boton mt-12 mb-8 p-3 rounded-xl flex flex-wrap justify-center gap-4 bg-gray-100 shadow-lg\">\n        <a href=\"index_completo.html\" class=\"text-gray-700 hover:text-emerald-600 font-semibold transition duration-200\">Volver al inicio<\/a><br \/>\n<a href=\"#top\" class=\"text-gray-700 hover:text-emerald-600 font-semibold transition duration-200\">Volver hacia arriba<\/a><br \/>\n<\/nav>\n<\/div>\n","protected":false},"excerpt":{"rendered":"<p>Profesorado de Educaci\u00f3n Especial Primer a\u00f1o Segundo a\u00f1o Tercer a\u00f1o Cuarto a\u00f1o Profesorado de Educaci\u00f3n Especial Informaci\u00f3n General T\u00edtulo a Otorgar: Profesor\/a de Educaci\u00f3n Especial con Orientaci\u00f3n en Discapacidad Intelectual. Duraci\u00f3n: 4 a\u00f1os Carga Horaria: 3704 Hs. c\u00e1tedra &#8211; 2808 Hs. reloj Modalidad: Presencial Cursado: Turno tarde (de lunes a viernes &#8211; de 19:10 a &#8230; <a title=\"Profesorado de Educaci\u00f3n Especial con Orientaci\u00f3n en Discapacidad Intelectual\" class=\"read-more\" href=\"https:\/\/ies6023-sal.infd.edu.ar\/sitio\/profesorado-de-educacion-especial-con-orientacion-en-discapacidad-intelectual\/\" aria-label=\"More on Profesorado de Educaci\u00f3n Especial con Orientaci\u00f3n en Discapacidad Intelectual\">[+]<\/a><\/p>\n","protected":false},"author":928,"featured_media":0,"parent":0,"menu_order":0,"comment_status":"closed","ping_status":"closed","template":"","meta":[],"acf":[],"_links":{"self":[{"href":"https:\/\/ies6023-sal.infd.edu.ar\/sitio\/wp-json\/wp\/v2\/pages\/1250"}],"collection":[{"href":"https:\/\/ies6023-sal.infd.edu.ar\/sitio\/wp-json\/wp\/v2\/pages"}],"about":[{"href":"https:\/\/ies6023-sal.infd.edu.ar\/sitio\/wp-json\/wp\/v2\/types\/page"}],"author":[{"embeddable":true,"href":"https:\/\/ies6023-sal.infd.edu.ar\/sitio\/wp-json\/wp\/v2\/users\/928"}],"replies":[{"embeddable":true,"href":"https:\/\/ies6023-sal.infd.edu.ar\/sitio\/wp-json\/wp\/v2\/comments?post=1250"}],"version-history":[{"count":6,"href":"https:\/\/ies6023-sal.infd.edu.ar\/sitio\/wp-json\/wp\/v2\/pages\/1250\/revisions"}],"predecessor-version":[{"id":1365,"href":"https:\/\/ies6023-sal.infd.edu.ar\/sitio\/wp-json\/wp\/v2\/pages\/1250\/revisions\/1365"}],"wp:attachment":[{"href":"https:\/\/ies6023-sal.infd.edu.ar\/sitio\/wp-json\/wp\/v2\/media?parent=1250"}],"curies":[{"name":"wp","href":"https:\/\/api.w.org\/{rel}","templated":true}]}}