{"id":1217,"date":"2025-10-19T18:25:30","date_gmt":"2025-10-19T21:25:30","guid":{"rendered":"https:\/\/ies6023-sal.infd.edu.ar\/sitio\/?page_id=1217"},"modified":"2025-11-13T17:39:50","modified_gmt":"2025-11-13T20:39:50","slug":"taller-de-armado-de-materiales-didacticos","status":"publish","type":"page","link":"https:\/\/ies6023-sal.infd.edu.ar\/sitio\/taller-de-armado-de-materiales-didacticos\/","title":{"rendered":"Taller de Armado de Materiales Did\u00e1cticos"},"content":{"rendered":"<p><meta charset=\"UTF-8\"><br \/>\n<meta name=\"viewport\" content=\"width=device-width, initial-scale=1.0\"><br \/>\n<title>Taller de armado de materiales did\u00e1cticos<\/title><br \/>\n<!-- Carga de Tailwind CSS para un dise\u00f1o responsive y moderno --><br \/>\n<script src=\"https:\/\/cdn.tailwindcss.com\"><\/script><\/p>\n<style>\n        \/* Definici\u00f3n de la fuente Inter y colores base *\/<br \/>\n        body {<br \/>\n            font-family: 'Inter', sans-serif;<br \/>\n            margin: 0;<br \/>\n            padding: 0;<br \/>\n            background-color: #f9fafb; \/* Fondo claro *\/<br \/>\n        }<br \/>\n        \/* Color institucional (marr\u00f3n\/naranja fuerte del header original) *\/<br \/>\n        .color-primary {<br \/>\n            color: #8e5110;<br \/>\n        }<br \/>\n        \/* Color distintivo para Educaci\u00f3n Especial (morado\/violeta) *\/<br \/>\n        .color-especial {<br \/>\n            color: #9333ea; \/* Violet-600 *\/<br \/>\n        }<br \/>\n        .bg-especial {<br \/>\n            background-color: #f3e8ff; \/* Violet-100 *\/<br \/>\n        }<br \/>\n    <\/style>\n<div class=\"max-w-4xl mx-auto space-y-8 mt-6\">\n<header class=\"text-center pb-4 border-b border-gray-300\">\n<h1 class=\"text-4xl font-extrabold color-primary mb-2\">\n            Taller de Armado de Materiales Did\u00e1cticos<\/h1>\n<p class=\"text-xl font-semibold color-especial\">\n            En el marco de la Semana de la Modalidad Especial<\/p>\n<\/header>\n<p>    <!-- Contenido del Art\u00edculo --><\/p>\n<div class=\"bg-white p-6 sm:p-8 rounded-xl shadow-lg space-y-6 text-lg text-gray-700 leading-relaxed\">\n<p>            En el marco de la <strong class=\"color-especial\">Semana de la Modalidad Especial<\/strong>, se realiz\u00f3 un **Taller de armado de materiales did\u00e1cticos** organizado a trav\u00e9s de la Asignatura de <strong class=\"font-semibold\">Bases del Desarrollo<\/strong> y a cargo de los alumnos de 1\u00b0 a\u00f1o del Profesorado de Educaci\u00f3n Especial.<\/p>\n<div class=\"p-4 bg-especial border-l-4 border-color-especial rounded-md\">\n<p class=\"font-medium text-gray-800\">\n                El objetivo central de esta actividad fue ofrecer apoyo y recursos adaptados que contribuyan al **desarrollo integral de los ni\u00f1os**, promoviendo la activaci\u00f3n sensorial, la coordinaci\u00f3n de movimientos y la estimulaci\u00f3n de diversas \u00e1reas cerebrales, tanto globales como espec\u00edficas.<\/p>\n<\/div>\n<\/div>\n<p><!-- Galer\u00eda de Im\u00e1genes Responsive --><\/p>\n<h2 class=\"text-2xl font-bold color-primary text-center pt-4 pb-2 border-b border-gray-300\">\n        Galer\u00eda del Taller<\/h2>\n<div class=\"grid grid-cols-2 sm:grid-cols-3 md:grid-cols-4 gap-4\">\n        <!-- Im\u00e1genes de la galer\u00eda --><\/p>\n<figure class=\"rounded-lg overflow-hidden shadow-lg hover:shadow-2xl transition duration-300\">\n            <img decoding=\"async\" src=\"https:\/\/ies6023-sal.infd.edu.ar\/sitio\/wp-content\/uploads\/2025\/10\/558914739_122175401678546522_6708901248929948146_n.jpg\" alt=\"Estudiantes mostrando materiales did\u00e1cticos creados.\" class=\"w-full h-auto object-cover transform hover:scale-105 transition duration-500\"><\/figure>\n<figure class=\"rounded-lg overflow-hidden shadow-lg hover:shadow-2xl transition duration-300\">\n            <img decoding=\"async\" src=\"https:\/\/ies6023-sal.infd.edu.ar\/sitio\/wp-content\/uploads\/2025\/10\/558216183_122175401594546522_8863699505168180991_n.jpg\" alt=\"Detalle de materiales did\u00e1cticos sensoriales.\" class=\"w-full h-auto object-cover transform hover:scale-105 transition duration-500\"><\/figure>\n<figure class=\"rounded-lg overflow-hidden shadow-lg hover:shadow-2xl transition duration-300\">\n            <img decoding=\"async\" src=\"https:\/\/ies6023-sal.infd.edu.ar\/sitio\/wp-content\/uploads\/2025\/10\/558668707_122175401612546522_8356794271573462541_n.jpg\" alt=\"Proceso de creaci\u00f3n de los materiales.\" class=\"w-full h-auto object-cover transform hover:scale-105 transition duration-500\"><\/figure>\n<figure class=\"rounded-lg overflow-hidden shadow-lg hover:shadow-2xl transition duration-300\">\n            <img decoding=\"async\" src=\"https:\/\/ies6023-sal.infd.edu.ar\/sitio\/wp-content\/uploads\/2025\/10\/558853928_122175401558546522_3294749627050316352_n.jpg\" alt=\"Estudiante trabajando en el armado de un recurso.\" class=\"w-full h-auto object-cover transform hover:scale-105 transition duration-500\"><\/figure>\n<figure class=\"rounded-lg overflow-hidden shadow-lg hover:shadow-2xl transition duration-300\">\n            <img decoding=\"async\" src=\"https:\/\/ies6023-sal.infd.edu.ar\/sitio\/wp-content\/uploads\/2025\/10\/559521703_122175401654546522_6299702188313183214_n.jpg\" alt=\"Exposici\u00f3n de los diferentes materiales did\u00e1cticos terminados.\" class=\"w-full h-auto object-cover transform hover:scale-105 transition duration-500\"><\/figure>\n<figure class=\"rounded-lg overflow-hidden shadow-lg hover:shadow-2xl transition duration-300\">\n            <img decoding=\"async\" src=\"https:\/\/ies6023-sal.infd.edu.ar\/sitio\/wp-content\/uploads\/2025\/10\/559900318_122175401738546522_8365690392462505013_n.jpg\" alt=\"Vista del grupo de alumnos a cargo del taller.\" class=\"w-full h-auto object-cover transform hover:scale-105 transition duration-500\"><\/figure>\n<\/div>\n<\/div>\n","protected":false},"excerpt":{"rendered":"<p>Taller de armado de materiales did\u00e1cticos Taller de Armado de Materiales Did\u00e1cticos En el marco de la Semana de la Modalidad Especial En el marco de la Semana de la Modalidad Especial, se realiz\u00f3 un **Taller de armado de materiales did\u00e1cticos** organizado a trav\u00e9s de la Asignatura de Bases del Desarrollo y a cargo de &#8230; <a title=\"Taller de Armado de Materiales Did\u00e1cticos\" class=\"read-more\" href=\"https:\/\/ies6023-sal.infd.edu.ar\/sitio\/taller-de-armado-de-materiales-didacticos\/\" aria-label=\"More on Taller de Armado de Materiales Did\u00e1cticos\">[+]<\/a><\/p>\n","protected":false},"author":928,"featured_media":0,"parent":0,"menu_order":0,"comment_status":"closed","ping_status":"closed","template":"","meta":[],"acf":[],"_links":{"self":[{"href":"https:\/\/ies6023-sal.infd.edu.ar\/sitio\/wp-json\/wp\/v2\/pages\/1217"}],"collection":[{"href":"https:\/\/ies6023-sal.infd.edu.ar\/sitio\/wp-json\/wp\/v2\/pages"}],"about":[{"href":"https:\/\/ies6023-sal.infd.edu.ar\/sitio\/wp-json\/wp\/v2\/types\/page"}],"author":[{"embeddable":true,"href":"https:\/\/ies6023-sal.infd.edu.ar\/sitio\/wp-json\/wp\/v2\/users\/928"}],"replies":[{"embeddable":true,"href":"https:\/\/ies6023-sal.infd.edu.ar\/sitio\/wp-json\/wp\/v2\/comments?post=1217"}],"version-history":[{"count":2,"href":"https:\/\/ies6023-sal.infd.edu.ar\/sitio\/wp-json\/wp\/v2\/pages\/1217\/revisions"}],"predecessor-version":[{"id":1338,"href":"https:\/\/ies6023-sal.infd.edu.ar\/sitio\/wp-json\/wp\/v2\/pages\/1217\/revisions\/1338"}],"wp:attachment":[{"href":"https:\/\/ies6023-sal.infd.edu.ar\/sitio\/wp-json\/wp\/v2\/media?parent=1217"}],"curies":[{"name":"wp","href":"https:\/\/api.w.org\/{rel}","templated":true}]}}