{"id":1206,"date":"2025-10-19T18:13:18","date_gmt":"2025-10-19T21:13:18","guid":{"rendered":"https:\/\/ies6023-sal.infd.edu.ar\/sitio\/?page_id=1206"},"modified":"2025-11-13T17:35:05","modified_gmt":"2025-11-13T20:35:05","slug":"dia-de-la-modalidad-de-educacion-especial","status":"publish","type":"page","link":"https:\/\/ies6023-sal.infd.edu.ar\/sitio\/dia-de-la-modalidad-de-educacion-especial\/","title":{"rendered":"D\u00eda de la modalidad de Educaci\u00f3n Especial"},"content":{"rendered":"<p><meta charset=\"UTF-8\"><br \/>\n<meta name=\"viewport\" content=\"width=device-width, initial-scale=1.0\"><br \/>\n<title>Educaci\u00f3n Inclusiva y LSA<\/title><br \/>\n<!-- Carga de Tailwind CSS para un dise\u00f1o responsive y moderno --><br \/>\n<script src=\"https:\/\/cdn.tailwindcss.com\"><\/script><\/p>\n<style>\n        \/* Definici\u00f3n de la fuente Inter y colores base *\/<br \/>\n        body {<br \/>\n            font-family: 'Inter', sans-serif;<br \/>\n            margin: 0;<br \/>\n            padding: 0;<br \/>\n            background-color: #f9fafb; \/* Fondo claro *\/<br \/>\n        }<br \/>\n        \/* Color institucional (marr\u00f3n\/naranja fuerte del header original) *\/<br \/>\n        .color-primary {<br \/>\n            color: #8e5110;<br \/>\n        }<br \/>\n        \/* Color institucional secundario (naranja\/\u00e1mbar) para detalles *\/<br \/>\n        .color-secondary {<br \/>\n            color: #ff9900;<br \/>\n        }<br \/>\n    <\/style>\n<div class=\"max-w-4xl mx-auto space-y-8 mt-6\">\n<header class=\"text-center pb-4 border-b border-gray-300\">\n<h1 class=\"text-4xl font-extrabold color-primary mb-2\">\n            Educaci\u00f3n Inclusiva y LSA: Construyendo Puentes<\/h1>\n<p class=\"text-sm text-gray-500\">Publicado el 7 de Octubre<\/p>\n<\/header>\n<p>    <!-- Contenido del Art\u00edculo --><\/p>\n<div class=\"bg-white p-6 sm:p-8 rounded-xl shadow-lg space-y-6 text-lg text-gray-700 leading-relaxed\">\n<p>            El 7 de Octubre celebramos un paso significativo en nuestro compromiso con la <strong class=\"text-blue-600\">Educaci\u00f3n Inclusiva<\/strong>.<\/p>\n<p>La <strong class=\"color-primary\">Modalidad de Educaci\u00f3n Especial<\/strong> ha sido un pilar fundamental en la garant\u00eda del derecho a la educaci\u00f3n de todos los estudiantes con discapacidad, ya sea en escuelas especiales o a trav\u00e9s de la inclusi\u00f3n en escuelas de nivel obligatorio.<\/p>\n<p>En este camino, trabajamos incansablemente para poder formar docentes de Educaci\u00f3n Especial, que logren realizar distintas adecuaciones, construir recursos y trabajar colectivamente para que cada alumno tenga la respuesta educativa que necesita.<\/p>\n<p>Queremos dar un paso m\u00e1s all\u00e1, combinando el <strong class=\"color-secondary\">arte y educaci\u00f3n especial<\/strong> para promover la inclusi\u00f3n y la accesibilidad. En nuestro Profesorado, donde la orientaci\u00f3n es <strong class=\"font-semibold\">discapacidad intelectual<\/strong>, tambi\u00e9n queremos prepararlos para que puedan acompa\u00f1ar a todos los alumnos que tengan otra condici\u00f3n.<\/p>\n<div class=\"p-4 bg-green-50 border-l-4 border-green-500 rounded-md\">\n<p>                La <strong class=\"font-bold text-green-700\">Lengua de Se\u00f1as Argentina (LSA)<\/strong> es un pilar fundamental en este proceso. Para la <strong class=\"font-bold text-green-700\">Comunidad Sorda<\/strong>, la LSA no es solo un medio, es su lengua materna, su identidad y su v\u00eda de comunicaci\u00f3n plena. Aprender y difundir la LSA es un acto de respeto y de eliminaci\u00f3n de barreras. Es abrir la puerta a la participaci\u00f3n activa y al entendimiento mutuo.<\/p>\n<\/div>\n<p>La presencia de un <strong class=\"font-semibold\">mural con el Alfabeto Dactilol\u00f3gico de la LSA<\/strong> en nuestro Instituto es m\u00e1s que una declaraci\u00f3n p\u00fablica de inclusi\u00f3n. Es una herramienta visible para que toda la comunidad -desde los m\u00e1s chicos hasta los adultos- pueda dar el primer paso para comunicarse, deletrear un nombre o una palabra.<\/p>\n<p class=\"text-center italic font-semibold pt-4 border-t border-gray-100\">\n            Este mural nos recuerda que <strong class=\"text-red-600\">la inclusi\u00f3n es tarea de todos<\/strong> y que cada se\u00f1a aprendida nos acerca a las escuelas que so\u00f1amos.<\/p>\n<p class=\"font-bold text-center text-xl text-blue-800 pt-4\">\n            \u00a1Sigamos construyendo puentes de comunicaci\u00f3n y respeto!<\/p>\n<p class=\"text-center font-bold text-lg text-gray-600\">\n            Juntos, podemos hacer que la <strong class=\"text-blue-600\">educaci\u00f3n sea m\u00e1s inclusiva y accesible para todos<\/strong>.<\/p>\n<p class=\"text-center text-sm text-gray-400\">\n            @dgesuperiorsalta Direcci\u00f3n General de Educaci\u00f3n Superior Salta<\/p>\n<\/div>\n<p><!-- Galer\u00eda de Im\u00e1genes Responsive --><\/p>\n<h2 class=\"text-2xl font-bold color-primary text-center pt-4 pb-2 border-b border-gray-300\">\n        Momentos de Inclusi\u00f3n<\/h2>\n<div class=\"grid grid-cols-2 sm:grid-cols-3 md:grid-cols-4 gap-4\">\n        <!-- Reemplazando las URL originales de la galer\u00eda --><\/p>\n<figure class=\"rounded-lg overflow-hidden shadow-lg hover:shadow-2xl transition duration-300\">\n            <img decoding=\"async\" src=\"https:\/\/ies6023-sal.infd.edu.ar\/sitio\/wp-content\/uploads\/2025\/10\/558037920_122175135356546522_9083579731759850683_n.jpg\" alt=\"Imagen de grupo mostrando el mural del alfabeto LSA.\" class=\"w-full h-auto object-cover transform hover:scale-105 transition duration-500\"><\/figure>\n<figure class=\"rounded-lg overflow-hidden shadow-lg hover:shadow-2xl transition duration-300\">\n            <img decoding=\"async\" src=\"https:\/\/ies6023-sal.infd.edu.ar\/sitio\/wp-content\/uploads\/2025\/10\/557738868_122175135440546522_9215549106937216917_n.jpg\" alt=\"Detalle del mural del Alfabeto Dactilol\u00f3gico LSA.\" class=\"w-full h-auto object-cover transform hover:scale-105 transition duration-500\"><\/figure>\n<figure class=\"rounded-lg overflow-hidden shadow-lg hover:shadow-2xl transition duration-300\">\n            <img decoding=\"async\" src=\"https:\/\/ies6023-sal.infd.edu.ar\/sitio\/wp-content\/uploads\/2025\/10\/557754456_122175135344546522_7939546472035562504_n.jpg\" alt=\"Docentes y estudiantes junto al mural de LSA.\" class=\"w-full h-auto object-cover transform hover:scale-105 transition duration-500\"><\/figure>\n<figure class=\"rounded-lg overflow-hidden shadow-lg hover:shadow-2xl transition duration-300\">\n            <img decoding=\"async\" src=\"https:\/\/ies6023-sal.infd.edu.ar\/sitio\/wp-content\/uploads\/2025\/10\/558154199_122175135278546522_6722918057587613347_n.jpg\" alt=\"Estudiantes observando el mural de LSA en el instituto.\" class=\"w-full h-auto object-cover transform hover:scale-105 transition duration-500\"><\/figure>\n<figure class=\"rounded-lg overflow-hidden shadow-lg hover:shadow-2xl transition duration-300\">\n            <img decoding=\"async\" src=\"https:\/\/ies6023-sal.infd.edu.ar\/sitio\/wp-content\/uploads\/2025\/10\/558227774_122175135362546522_6836727133885610001_n.jpg\" alt=\"Acto o reuni\u00f3n en el instituto.\" class=\"w-full h-auto object-cover transform hover:scale-105 transition duration-500\"><\/figure>\n<figure class=\"rounded-lg overflow-hidden shadow-lg hover:shadow-2xl transition duration-300\">\n            <img decoding=\"async\" src=\"https:\/\/ies6023-sal.infd.edu.ar\/sitio\/wp-content\/uploads\/2025\/10\/558293402_122175135458546522_3697743408317932396_n.jpg\" alt=\"Estudiante en la escuela especial.\" class=\"w-full h-auto object-cover transform hover:scale-105 transition duration-500\"><\/figure>\n<figure class=\"rounded-lg overflow-hidden shadow-lg hover:shadow-2xl transition duration-300\">\n            <img decoding=\"async\" src=\"https:\/\/ies6023-sal.infd.edu.ar\/sitio\/wp-content\/uploads\/2025\/10\/558424999_122175135494546522_143337693233611779_n.jpg\" alt=\"Actividades de inclusi\u00f3n en el aula.\" class=\"w-full h-auto object-cover transform hover:scale-105 transition duration-500\"><\/figure>\n<figure class=\"rounded-lg overflow-hidden shadow-lg hover:shadow-2xl transition duration-300\">\n            <img decoding=\"async\" src=\"https:\/\/ies6023-sal.infd.edu.ar\/sitio\/wp-content\/uploads\/2025\/10\/560500005_122175135386546522_9130514690286673857_n.jpg\" alt=\"Vista general del mural de LSA.\" class=\"w-full h-auto object-cover transform hover:scale-105 transition duration-500\"><\/figure>\n<\/div>\n<\/div>\n","protected":false},"excerpt":{"rendered":"<p>Educaci\u00f3n Inclusiva y LSA Educaci\u00f3n Inclusiva y LSA: Construyendo Puentes Publicado el 7 de Octubre El 7 de Octubre celebramos un paso significativo en nuestro compromiso con la Educaci\u00f3n Inclusiva. La Modalidad de Educaci\u00f3n Especial ha sido un pilar fundamental en la garant\u00eda del derecho a la educaci\u00f3n de todos los estudiantes con discapacidad, ya &#8230; <a title=\"D\u00eda de la modalidad de Educaci\u00f3n Especial\" class=\"read-more\" href=\"https:\/\/ies6023-sal.infd.edu.ar\/sitio\/dia-de-la-modalidad-de-educacion-especial\/\" aria-label=\"More on D\u00eda de la modalidad de Educaci\u00f3n Especial\">[+]<\/a><\/p>\n","protected":false},"author":928,"featured_media":0,"parent":0,"menu_order":0,"comment_status":"closed","ping_status":"closed","template":"","meta":[],"acf":[],"_links":{"self":[{"href":"https:\/\/ies6023-sal.infd.edu.ar\/sitio\/wp-json\/wp\/v2\/pages\/1206"}],"collection":[{"href":"https:\/\/ies6023-sal.infd.edu.ar\/sitio\/wp-json\/wp\/v2\/pages"}],"about":[{"href":"https:\/\/ies6023-sal.infd.edu.ar\/sitio\/wp-json\/wp\/v2\/types\/page"}],"author":[{"embeddable":true,"href":"https:\/\/ies6023-sal.infd.edu.ar\/sitio\/wp-json\/wp\/v2\/users\/928"}],"replies":[{"embeddable":true,"href":"https:\/\/ies6023-sal.infd.edu.ar\/sitio\/wp-json\/wp\/v2\/comments?post=1206"}],"version-history":[{"count":2,"href":"https:\/\/ies6023-sal.infd.edu.ar\/sitio\/wp-json\/wp\/v2\/pages\/1206\/revisions"}],"predecessor-version":[{"id":1334,"href":"https:\/\/ies6023-sal.infd.edu.ar\/sitio\/wp-json\/wp\/v2\/pages\/1206\/revisions\/1334"}],"wp:attachment":[{"href":"https:\/\/ies6023-sal.infd.edu.ar\/sitio\/wp-json\/wp\/v2\/media?parent=1206"}],"curies":[{"name":"wp","href":"https:\/\/api.w.org\/{rel}","templated":true}]}}