{"id":1129,"date":"2025-10-03T20:31:38","date_gmt":"2025-10-03T23:31:38","guid":{"rendered":"https:\/\/ies6023-sal.infd.edu.ar\/sitio\/?page_id=1129"},"modified":"2025-11-13T17:36:25","modified_gmt":"2025-11-13T20:36:25","slug":"diamundialturismo","status":"publish","type":"page","link":"https:\/\/ies6023-sal.infd.edu.ar\/sitio\/diamundialturismo\/","title":{"rendered":"D\u00eda Mundial del Turismo &#8211; 2025"},"content":{"rendered":"<p><meta charset=\"UTF-8\"><br \/>\n<meta name=\"viewport\" content=\"width=device-width, initial-scale=1.0\"><br \/>\n<title>D\u00eda Mundial del Turismo &#8211; IES N\u00b0 6.023<\/title><br \/>\n<!-- Carga de Tailwind CSS para un dise\u00f1o responsive y moderno --><br \/>\n<script src=\"https:\/\/cdn.tailwindcss.com\"><\/script><\/p>\n<style>\n        \/* Definici\u00f3n de la fuente Inter y colores base *\/<br \/>\n        body {<br \/>\n            font-family: 'Inter', sans-serif;<br \/>\n            margin: 0;<br \/>\n            padding: 0;<br \/>\n            background-color: #f9fafb; \/* Fondo claro *\/<br \/>\n        }<br \/>\n        \/* Color institucional (marr\u00f3n\/naranja fuerte del header original) *\/<br \/>\n        .color-primary {<br \/>\n            color: #8e5110;<br \/>\n        }<br \/>\n        \/* Color distintivo de Turismo (verde\/azul claro para la Tecnicatura) *\/<br \/>\n        .color-turismo {<br \/>\n            color: #10b981; \/* Emerald-500 *\/<br \/>\n        }<br \/>\n        .bg-turismo {<br \/>\n            background-color: #d1fae5; \/* Emerald-100 *\/<br \/>\n        }<br \/>\n    <\/style>\n<div class=\"max-w-4xl mx-auto space-y-8 mt-6\">\n<header class=\"text-center pb-4 border-b border-gray-300\">\n<h1 class=\"text-4xl font-extrabold color-primary mb-2\">\n            \u00a1Celebramos el D\u00eda Mundial del Turismo!<\/h1>\n<p class=\"text-xl font-semibold color-turismo\">\n            Lema: \u00abTurismo y Transformaci\u00f3n Sostenibles\u00bb<\/p>\n<\/header>\n<p>    <!-- Contenido del Art\u00edculo --><\/p>\n<div class=\"bg-white p-6 sm:p-8 rounded-xl shadow-lg space-y-6 text-lg text-gray-700 leading-relaxed\">\n<p>            El 27 de septiembre se celebra el **D\u00eda Mundial del Turismo** para hacerlo coincidir con el aniversario de la aprobaci\u00f3n de los Estatutos de la OMT (Organizaci\u00f3n Mundial del Turismo), dada tambi\u00e9n el 27 de septiembre de 1970.<\/p>\n<div class=\"p-4 bg-turismo border-l-4 border-color-turismo rounded-md font-medium text-gray-800\">\n<p>                Por otra parte, otra raz\u00f3n para esta fecha clave es la terminaci\u00f3n del periodo vacacional en el hemisferio norte y el comienzo del mismo en el hemisferio sur.<\/p>\n<\/div>\n<p>Para conmemorar esta fecha, los estudiantes de nuestra **Tecnicatura Superior en Turismo** organizaron diversas actividades bajo el lema: **\u00bbTurismo y Transformaci\u00f3n Sostenibles\u00bb**. El evento se llev\u00f3 a cabo con \u00e9xito en la Plaza General Pizarro el d\u00eda s\u00e1bado 27 de septiembre.<\/p>\n<\/div>\n<p><!-- Galer\u00eda de Im\u00e1genes Responsive --><\/p>\n<h2 class=\"text-2xl font-bold color-primary text-center pt-4 pb-2 border-b border-gray-300\">\n        Galer\u00eda del Evento<\/h2>\n<div class=\"grid grid-cols-2 sm:grid-cols-3 md:grid-cols-4 gap-4\">\n        <!-- Reemplazando las URL de la galer\u00eda --><\/p>\n<figure class=\"rounded-lg overflow-hidden shadow-lg hover:shadow-2xl transition duration-300\">\n            <img decoding=\"async\" src=\"https:\/\/ies6023-sal.infd.edu.ar\/sitio\/wp-content\/uploads\/2025\/10\/557537883_122174681252546522_7817944368378902075_n-2.jpg\" alt=\"Estudiantes en el stand de Turismo y Transformaci\u00f3n Sostenibles.\" class=\"w-full h-auto object-cover transform hover:scale-105 transition duration-500\"><\/figure>\n<figure class=\"rounded-lg overflow-hidden shadow-lg hover:shadow-2xl transition duration-300\">\n            <img decoding=\"async\" src=\"https:\/\/ies6023-sal.infd.edu.ar\/sitio\/wp-content\/uploads\/2025\/10\/558921067_122174678738546522_1515815084002231845_n.jpg\" alt=\"Detalle de actividades promocionales de la Tecnicatura.\" class=\"w-full h-auto object-cover transform hover:scale-105 transition duration-500\"><\/figure>\n<figure class=\"rounded-lg overflow-hidden shadow-lg hover:shadow-2xl transition duration-300\">\n            <img decoding=\"async\" src=\"https:\/\/ies6023-sal.infd.edu.ar\/sitio\/wp-content\/uploads\/2025\/10\/557761796_122174678978546522_7401176328620512736_n.jpg\" alt=\"Exposici\u00f3n de proyectos tur\u00edsticos en la plaza.\" class=\"w-full h-auto object-cover transform hover:scale-105 transition duration-500\"><\/figure>\n<figure class=\"rounded-lg overflow-hidden shadow-lg hover:shadow-2xl transition duration-300\">\n            <img decoding=\"async\" src=\"https:\/\/ies6023-sal.infd.edu.ar\/sitio\/wp-content\/uploads\/2025\/10\/558278529_122174679092546522_4450184331968622948_n.jpg\" alt=\"Interacci\u00f3n con el p\u00fablico durante el evento.\" class=\"w-full h-auto object-cover transform hover:scale-105 transition duration-500\"><\/figure>\n<figure class=\"rounded-lg overflow-hidden shadow-lg hover:shadow-2xl transition duration-300\">\n            <img decoding=\"async\" src=\"https:\/\/ies6023-sal.infd.edu.ar\/sitio\/wp-content\/uploads\/2025\/10\/558185954_122174679086546522_8526423903674163768_n.jpg\" alt=\"Mesa de informaci\u00f3n y actividades.\" class=\"w-full h-auto object-cover transform hover:scale-105 transition duration-500\"><\/figure>\n<figure class=\"rounded-lg overflow-hidden shadow-lg hover:shadow-2xl transition duration-300\">\n            <img decoding=\"async\" src=\"https:\/\/ies6023-sal.infd.edu.ar\/sitio\/wp-content\/uploads\/2025\/10\/557772279_122174678876546522_4365829078399545941_n.jpg\" alt=\"Estudiantes de Turismo organizando el evento.\" class=\"w-full h-auto object-cover transform hover:scale-105 transition duration-500\"><\/figure>\n<figure class=\"rounded-lg overflow-hidden shadow-lg hover:shadow-2xl transition duration-300\">\n            <img decoding=\"async\" src=\"https:\/\/ies6023-sal.infd.edu.ar\/sitio\/wp-content\/uploads\/2025\/10\/557632669_122174678714546522_6169968821919519522_n.jpg\" alt=\"Vista general del stand en la plaza.\" class=\"w-full h-auto object-cover transform hover:scale-105 transition duration-500\"><\/figure>\n<figure class=\"rounded-lg overflow-hidden shadow-lg hover:shadow-2xl transition duration-300\">\n            <img decoding=\"async\" src=\"https:\/\/ies6023-sal.infd.edu.ar\/sitio\/wp-content\/uploads\/2025\/10\/558948216_122174678684546522_8191569024938215747_n.jpg\" alt=\"Mapa o cartel de promoci\u00f3n tur\u00edstica.\" class=\"w-full h-auto object-cover transform hover:scale-105 transition duration-500\"><\/figure>\n<\/div>\n<\/div>\n","protected":false},"excerpt":{"rendered":"<p>D\u00eda Mundial del Turismo &#8211; IES N\u00b0 6.023 \u00a1Celebramos el D\u00eda Mundial del Turismo! Lema: \u00abTurismo y Transformaci\u00f3n Sostenibles\u00bb El 27 de septiembre se celebra el **D\u00eda Mundial del Turismo** para hacerlo coincidir con el aniversario de la aprobaci\u00f3n de los Estatutos de la OMT (Organizaci\u00f3n Mundial del Turismo), dada tambi\u00e9n el 27 de septiembre &#8230; <a title=\"D\u00eda Mundial del Turismo &#8211; 2025\" class=\"read-more\" href=\"https:\/\/ies6023-sal.infd.edu.ar\/sitio\/diamundialturismo\/\" aria-label=\"More on D\u00eda Mundial del Turismo &#8211; 2025\">[+]<\/a><\/p>\n","protected":false},"author":928,"featured_media":0,"parent":0,"menu_order":0,"comment_status":"closed","ping_status":"closed","template":"","meta":[],"acf":[],"_links":{"self":[{"href":"https:\/\/ies6023-sal.infd.edu.ar\/sitio\/wp-json\/wp\/v2\/pages\/1129"}],"collection":[{"href":"https:\/\/ies6023-sal.infd.edu.ar\/sitio\/wp-json\/wp\/v2\/pages"}],"about":[{"href":"https:\/\/ies6023-sal.infd.edu.ar\/sitio\/wp-json\/wp\/v2\/types\/page"}],"author":[{"embeddable":true,"href":"https:\/\/ies6023-sal.infd.edu.ar\/sitio\/wp-json\/wp\/v2\/users\/928"}],"replies":[{"embeddable":true,"href":"https:\/\/ies6023-sal.infd.edu.ar\/sitio\/wp-json\/wp\/v2\/comments?post=1129"}],"version-history":[{"count":5,"href":"https:\/\/ies6023-sal.infd.edu.ar\/sitio\/wp-json\/wp\/v2\/pages\/1129\/revisions"}],"predecessor-version":[{"id":1335,"href":"https:\/\/ies6023-sal.infd.edu.ar\/sitio\/wp-json\/wp\/v2\/pages\/1129\/revisions\/1335"}],"wp:attachment":[{"href":"https:\/\/ies6023-sal.infd.edu.ar\/sitio\/wp-json\/wp\/v2\/media?parent=1129"}],"curies":[{"name":"wp","href":"https:\/\/api.w.org\/{rel}","templated":true}]}}